{"id":1381,"date":"2023-12-18T09:07:15","date_gmt":"2023-12-18T08:07:15","guid":{"rendered":"https:\/\/beta.flexfurn.com\/product\/u-budget-klaptafel\/"},"modified":"2024-01-02T16:19:59","modified_gmt":"2024-01-02T15:19:59","slug":"u-budget-klaptafel","status":"publish","type":"product","link":"https:\/\/beta.flexfurn.com\/de\/product\/u-budget-klaptafel\/","title":{"rendered":"U-Budget Klapptisch"},"content":{"rendered":"<p>Der U-BUDGET KLAPPTISCH geh\u00f6rt seit vielen Jahren zu unserem Sortiment. Das Aufklappen, Stapeln und Einsetzen in den Transportwagen war noch nie so einfach. Der U-Budget Tisch bietet mit seinen extra breiten Beinen eine beispiellose Stabilit\u00e4t. Dar\u00fcber hinaus ist es im gefalteten Zustand weniger als 6 cm dick und l\u00e4sst sich effizient stapeln. Die Schutzkappen an den Beinen sch\u00fctzen den Boden oder andere Tische beim Stapeln, verhindern Kratzer und beseitigen die Sorge vor Besch\u00e4digungen.<\/p>","protected":false},"excerpt":{"rendered":"<p>De U-BUDGET KLAPTAFEL maakt al vele jaren deel uit van ons assortiment. Uitklappen, stapelen en in de transportkar plaatsen is nog nooit zo eenvoudig geweest. De U-Budget Tafel, met zijn&#8230;<\/p>","protected":false},"featured_media":2641,"comment_status":"open","ping_status":"closed","template":"","meta":[],"product_cat":[68],"product_tag":[],"class_list":{"0":"post-1381","1":"product","2":"type-product","3":"status-publish","4":"has-post-thumbnail","6":"product_cat-klaptafel","8":"first","9":"instock","10":"taxable","11":"shipping-taxable","12":"purchasable","13":"product-type-variable"},"yoast_head":"<!-- This site is optimized with the Yoast SEO plugin v21.7 - https:\/\/yoast.com\/wordpress\/plugins\/seo\/ -->\n<title>U-Budget klaptafel - Flexfurn<\/title>\n<meta name=\"robots\" content=\"index, follow, max-snippet:-1, max-image-preview:large, max-video-preview:-1\" \/>\n<link rel=\"canonical\" href=\"https:\/\/beta.flexfurn.com\/de\/produkt\/u-budget-klaptafel\/\" \/>\n<meta property=\"og:locale\" content=\"de_DE\" \/>\n<meta property=\"og:type\" content=\"article\" \/>\n<meta property=\"og:title\" content=\"U-Budget klaptafel - Flexfurn\" \/>\n<meta property=\"og:description\" content=\"De U-BUDGET KLAPTAFEL maakt al vele jaren deel uit van ons assortiment. Uitklappen, stapelen en in de transportkar plaatsen is nog nooit zo eenvoudig geweest. De U-Budget Tafel, met zijn...\" \/>\n<meta property=\"og:url\" content=\"https:\/\/beta.flexfurn.com\/de\/produkt\/u-budget-klaptafel\/\" \/>\n<meta property=\"og:site_name\" content=\"Flexfurn\" \/>\n<meta property=\"article:modified_time\" content=\"2024-01-02T15:19:59+00:00\" \/>\n<meta property=\"og:image\" content=\"https:\/\/beta.flexfurn.com\/wp-content\/uploads\/2023\/12\/1b63ea67e2804577969e2e8b22b61ce532197179c4d44924b057f782823241f2c5c9895ef122435da0d173b6c80203f6.jpg\" \/>\n\t<meta property=\"og:image:width\" content=\"2000\" \/>\n\t<meta property=\"og:image:height\" content=\"2000\" \/>\n\t<meta property=\"og:image:type\" content=\"image\/jpeg\" \/>\n<meta name=\"twitter:card\" content=\"summary_large_image\" \/>\n<meta name=\"twitter:label1\" content=\"Gesch\u00e4tzte Lesezeit\" \/>\n\t<meta name=\"twitter:data1\" content=\"1\u00a0Minute\" \/>\n<script type=\"application\/ld+json\" class=\"yoast-schema-graph\">{\"@context\":\"https:\/\/schema.org\",\"@graph\":[{\"@type\":\"WebPage\",\"@id\":\"https:\/\/beta.flexfurn.com\/product\/u-budget-klaptafel\/\",\"url\":\"https:\/\/beta.flexfurn.com\/product\/u-budget-klaptafel\/\",\"name\":\"U-Budget klaptafel - Flexfurn\",\"isPartOf\":{\"@id\":\"https:\/\/beta.flexfurn.com\/#website\"},\"datePublished\":\"2023-12-18T08:07:15+00:00\",\"dateModified\":\"2024-01-02T15:19:59+00:00\",\"breadcrumb\":{\"@id\":\"https:\/\/beta.flexfurn.com\/product\/u-budget-klaptafel\/#breadcrumb\"},\"inLanguage\":\"de\",\"potentialAction\":[{\"@type\":\"ReadAction\",\"target\":[\"https:\/\/beta.flexfurn.com\/product\/u-budget-klaptafel\/\"]}]},{\"@type\":\"BreadcrumbList\",\"@id\":\"https:\/\/beta.flexfurn.com\/product\/u-budget-klaptafel\/#breadcrumb\",\"itemListElement\":[{\"@type\":\"ListItem\",\"position\":1,\"name\":\"Home\",\"item\":\"https:\/\/beta.flexfurn.com\/\"},{\"@type\":\"ListItem\",\"position\":2,\"name\":\"Winkel\",\"item\":\"https:\/\/beta.flexfurn.com\/winkel\/\"},{\"@type\":\"ListItem\",\"position\":3,\"name\":\"U-Budget klaptafel\"}]},{\"@type\":\"WebSite\",\"@id\":\"https:\/\/beta.flexfurn.com\/#website\",\"url\":\"https:\/\/beta.flexfurn.com\/\",\"name\":\"Flexfurn\",\"description\":\"\",\"publisher\":{\"@id\":\"https:\/\/beta.flexfurn.com\/#organization\"},\"potentialAction\":[{\"@type\":\"SearchAction\",\"target\":{\"@type\":\"EntryPoint\",\"urlTemplate\":\"https:\/\/beta.flexfurn.com\/?s={search_term_string}\"},\"query-input\":\"required name=search_term_string\"}],\"inLanguage\":\"de\"},{\"@type\":\"Organization\",\"@id\":\"https:\/\/beta.flexfurn.com\/#organization\",\"name\":\"Flexfurn\",\"url\":\"https:\/\/beta.flexfurn.com\/\",\"logo\":{\"@type\":\"ImageObject\",\"inLanguage\":\"de\",\"@id\":\"https:\/\/beta.flexfurn.com\/#\/schema\/logo\/image\/\",\"url\":\"https:\/\/beta.flexfurn.com\/wp-content\/uploads\/2023\/08\/LogoBlack.svg\",\"contentUrl\":\"https:\/\/beta.flexfurn.com\/wp-content\/uploads\/2023\/08\/LogoBlack.svg\",\"width\":210,\"height\":60,\"caption\":\"Flexfurn\"},\"image\":{\"@id\":\"https:\/\/beta.flexfurn.com\/#\/schema\/logo\/image\/\"}}]}<\/script>\n<!-- \/ Yoast SEO plugin. -->","yoast_head_json":{"title":"U-Budget klaptafel - Flexfurn","robots":{"index":"index","follow":"follow","max-snippet":"max-snippet:-1","max-image-preview":"max-image-preview:large","max-video-preview":"max-video-preview:-1"},"canonical":"https:\/\/beta.flexfurn.com\/de\/produkt\/u-budget-klaptafel\/","og_locale":"de_DE","og_type":"article","og_title":"U-Budget klaptafel - Flexfurn","og_description":"De U-BUDGET KLAPTAFEL maakt al vele jaren deel uit van ons assortiment. Uitklappen, stapelen en in de transportkar plaatsen is nog nooit zo eenvoudig geweest. De U-Budget Tafel, met zijn...","og_url":"https:\/\/beta.flexfurn.com\/de\/produkt\/u-budget-klaptafel\/","og_site_name":"Flexfurn","article_modified_time":"2024-01-02T15:19:59+00:00","og_image":[{"width":2000,"height":2000,"url":"https:\/\/beta.flexfurn.com\/wp-content\/uploads\/2023\/12\/1b63ea67e2804577969e2e8b22b61ce532197179c4d44924b057f782823241f2c5c9895ef122435da0d173b6c80203f6.jpg","type":"image\/jpeg"}],"twitter_card":"summary_large_image","twitter_misc":{"Gesch\u00e4tzte Lesezeit":"1\u00a0Minute"},"schema":{"@context":"https:\/\/schema.org","@graph":[{"@type":"WebPage","@id":"https:\/\/beta.flexfurn.com\/product\/u-budget-klaptafel\/","url":"https:\/\/beta.flexfurn.com\/product\/u-budget-klaptafel\/","name":"U-Budget klaptafel - Flexfurn","isPartOf":{"@id":"https:\/\/beta.flexfurn.com\/#website"},"datePublished":"2023-12-18T08:07:15+00:00","dateModified":"2024-01-02T15:19:59+00:00","breadcrumb":{"@id":"https:\/\/beta.flexfurn.com\/product\/u-budget-klaptafel\/#breadcrumb"},"inLanguage":"de","potentialAction":[{"@type":"ReadAction","target":["https:\/\/beta.flexfurn.com\/product\/u-budget-klaptafel\/"]}]},{"@type":"BreadcrumbList","@id":"https:\/\/beta.flexfurn.com\/product\/u-budget-klaptafel\/#breadcrumb","itemListElement":[{"@type":"ListItem","position":1,"name":"Home","item":"https:\/\/beta.flexfurn.com\/"},{"@type":"ListItem","position":2,"name":"Winkel","item":"https:\/\/beta.flexfurn.com\/winkel\/"},{"@type":"ListItem","position":3,"name":"U-Budget klaptafel"}]},{"@type":"WebSite","@id":"https:\/\/beta.flexfurn.com\/#website","url":"https:\/\/beta.flexfurn.com\/","name":"Flexfurn","description":"","publisher":{"@id":"https:\/\/beta.flexfurn.com\/#organization"},"potentialAction":[{"@type":"SearchAction","target":{"@type":"EntryPoint","urlTemplate":"https:\/\/beta.flexfurn.com\/?s={search_term_string}"},"query-input":"required name=search_term_string"}],"inLanguage":"de"},{"@type":"Organization","@id":"https:\/\/beta.flexfurn.com\/#organization","name":"Flexfurn","url":"https:\/\/beta.flexfurn.com\/","logo":{"@type":"ImageObject","inLanguage":"de","@id":"https:\/\/beta.flexfurn.com\/#\/schema\/logo\/image\/","url":"https:\/\/beta.flexfurn.com\/wp-content\/uploads\/2023\/08\/LogoBlack.svg","contentUrl":"https:\/\/beta.flexfurn.com\/wp-content\/uploads\/2023\/08\/LogoBlack.svg","width":210,"height":60,"caption":"Flexfurn"},"image":{"@id":"https:\/\/beta.flexfurn.com\/#\/schema\/logo\/image\/"}}]}},"_links":{"self":[{"href":"https:\/\/beta.flexfurn.com\/de\/wp-json\/wp\/v2\/product\/1381","targetHints":{"allow":["GET"]}}],"collection":[{"href":"https:\/\/beta.flexfurn.com\/de\/wp-json\/wp\/v2\/product"}],"about":[{"href":"https:\/\/beta.flexfurn.com\/de\/wp-json\/wp\/v2\/types\/product"}],"replies":[{"embeddable":true,"href":"https:\/\/beta.flexfurn.com\/de\/wp-json\/wp\/v2\/comments?post=1381"}],"wp:featuredmedia":[{"embeddable":true,"href":"https:\/\/beta.flexfurn.com\/de\/wp-json\/wp\/v2\/media\/2641"}],"wp:attachment":[{"href":"https:\/\/beta.flexfurn.com\/de\/wp-json\/wp\/v2\/media?parent=1381"}],"wp:term":[{"taxonomy":"product_cat","embeddable":true,"href":"https:\/\/beta.flexfurn.com\/de\/wp-json\/wp\/v2\/product_cat?post=1381"},{"taxonomy":"product_tag","embeddable":true,"href":"https:\/\/beta.flexfurn.com\/de\/wp-json\/wp\/v2\/product_tag?post=1381"}],"curies":[{"name":"wp","href":"https:\/\/api.w.org\/{rel}","templated":true}]}}