{"id":1438,"date":"2023-12-18T09:07:37","date_gmt":"2023-12-18T08:07:37","guid":{"rendered":"https:\/\/beta.flexfurn.com\/product\/palm-lounge-tafel-klein\/"},"modified":"2024-01-02T15:56:04","modified_gmt":"2024-01-02T14:56:04","slug":"palm-lounge-tafel-klein","status":"publish","type":"product","link":"https:\/\/beta.flexfurn.com\/de\/product\/palm-lounge-tafel-klein\/","title":{"rendered":"Palmenlounge klein"},"content":{"rendered":"<p>PALM LOUNGE. Diese Sofas und Ottomanen im Bohemian-Look bestehen aus pulverbeschichtetem Stahl, sodass Sie die Lounge sowohl drinnen als auch drau\u00dfen nutzen k\u00f6nnen. Die Pulverbeschichtung verhindert, dass der Stahl im Au\u00dfenbereich rostet. Die Sofas und Ottomanen sind mit Kunststoffschutzkappen an den Beinen ausgestattet, die eine Besch\u00e4digung der M\u00f6bel beim Stapeln verhindern und daf\u00fcr sorgen, dass das Sofa nicht im Boden versinkt. Erh\u00f6hen Sie die Eleganz Ihres Raums mit einem Hauch zus\u00e4tzlicher Eleganz mit den Palm-Kissen und vervollst\u00e4ndigen Sie Ihren Bohemian-Look.<\/p>","protected":false},"excerpt":{"rendered":"<p>PALM LOUNGE. Deze sofa en ottomans met een Bohemian-look zijn vervaardigd uit gepoedercoat staal, waardoor je de lounge zowel binnen als buiten kunt gebruiken. Het poedercoaten voorkomt dat het staal&#8230;<\/p>","protected":false},"featured_media":2332,"comment_status":"open","ping_status":"closed","template":"","meta":[],"product_cat":[72],"product_tag":[],"class_list":{"0":"post-1438","1":"product","2":"type-product","3":"status-publish","4":"has-post-thumbnail","6":"product_cat-zitbank","8":"first","9":"instock","10":"taxable","11":"shipping-taxable","12":"purchasable","13":"product-type-variable"},"yoast_head":"<!-- This site is optimized with the Yoast SEO plugin v21.7 - https:\/\/yoast.com\/wordpress\/plugins\/seo\/ -->\n<title>Palm lounge klein - Flexfurn<\/title>\n<meta name=\"robots\" content=\"index, follow, max-snippet:-1, max-image-preview:large, max-video-preview:-1\" \/>\n<link rel=\"canonical\" href=\"https:\/\/beta.flexfurn.com\/de\/produkt\/palm-lounge-tafel-klein\/\" \/>\n<meta property=\"og:locale\" content=\"de_DE\" \/>\n<meta property=\"og:type\" content=\"article\" \/>\n<meta property=\"og:title\" content=\"Palm lounge klein - Flexfurn\" \/>\n<meta property=\"og:description\" content=\"PALM LOUNGE. Deze sofa en ottomans met een Bohemian-look zijn vervaardigd uit gepoedercoat staal, waardoor je de lounge zowel binnen als buiten kunt gebruiken. Het poedercoaten voorkomt dat het staal...\" \/>\n<meta property=\"og:url\" content=\"https:\/\/beta.flexfurn.com\/de\/produkt\/palm-lounge-tafel-klein\/\" \/>\n<meta property=\"og:site_name\" content=\"Flexfurn\" \/>\n<meta property=\"article:modified_time\" content=\"2024-01-02T14:56:04+00:00\" \/>\n<meta property=\"og:image\" content=\"https:\/\/beta.flexfurn.com\/wp-content\/uploads\/2023\/12\/Palm-Lounge-Pouf-Side-Beige.jpg\" \/>\n\t<meta property=\"og:image:width\" content=\"2000\" \/>\n\t<meta property=\"og:image:height\" content=\"2000\" \/>\n\t<meta property=\"og:image:type\" content=\"image\/jpeg\" \/>\n<meta name=\"twitter:card\" content=\"summary_large_image\" \/>\n<meta name=\"twitter:label1\" content=\"Gesch\u00e4tzte Lesezeit\" \/>\n\t<meta name=\"twitter:data1\" content=\"1\u00a0Minute\" \/>\n<script type=\"application\/ld+json\" class=\"yoast-schema-graph\">{\"@context\":\"https:\/\/schema.org\",\"@graph\":[{\"@type\":\"WebPage\",\"@id\":\"https:\/\/beta.flexfurn.com\/product\/palm-lounge-tafel-klein\/\",\"url\":\"https:\/\/beta.flexfurn.com\/product\/palm-lounge-tafel-klein\/\",\"name\":\"Palm lounge klein - Flexfurn\",\"isPartOf\":{\"@id\":\"https:\/\/beta.flexfurn.com\/#website\"},\"datePublished\":\"2023-12-18T08:07:37+00:00\",\"dateModified\":\"2024-01-02T14:56:04+00:00\",\"breadcrumb\":{\"@id\":\"https:\/\/beta.flexfurn.com\/product\/palm-lounge-tafel-klein\/#breadcrumb\"},\"inLanguage\":\"de\",\"potentialAction\":[{\"@type\":\"ReadAction\",\"target\":[\"https:\/\/beta.flexfurn.com\/product\/palm-lounge-tafel-klein\/\"]}]},{\"@type\":\"BreadcrumbList\",\"@id\":\"https:\/\/beta.flexfurn.com\/product\/palm-lounge-tafel-klein\/#breadcrumb\",\"itemListElement\":[{\"@type\":\"ListItem\",\"position\":1,\"name\":\"Home\",\"item\":\"https:\/\/beta.flexfurn.com\/\"},{\"@type\":\"ListItem\",\"position\":2,\"name\":\"Winkel\",\"item\":\"https:\/\/beta.flexfurn.com\/winkel\/\"},{\"@type\":\"ListItem\",\"position\":3,\"name\":\"Palm lounge klein\"}]},{\"@type\":\"WebSite\",\"@id\":\"https:\/\/beta.flexfurn.com\/#website\",\"url\":\"https:\/\/beta.flexfurn.com\/\",\"name\":\"Flexfurn\",\"description\":\"\",\"publisher\":{\"@id\":\"https:\/\/beta.flexfurn.com\/#organization\"},\"potentialAction\":[{\"@type\":\"SearchAction\",\"target\":{\"@type\":\"EntryPoint\",\"urlTemplate\":\"https:\/\/beta.flexfurn.com\/?s={search_term_string}\"},\"query-input\":\"required name=search_term_string\"}],\"inLanguage\":\"de\"},{\"@type\":\"Organization\",\"@id\":\"https:\/\/beta.flexfurn.com\/#organization\",\"name\":\"Flexfurn\",\"url\":\"https:\/\/beta.flexfurn.com\/\",\"logo\":{\"@type\":\"ImageObject\",\"inLanguage\":\"de\",\"@id\":\"https:\/\/beta.flexfurn.com\/#\/schema\/logo\/image\/\",\"url\":\"https:\/\/beta.flexfurn.com\/wp-content\/uploads\/2023\/08\/LogoBlack.svg\",\"contentUrl\":\"https:\/\/beta.flexfurn.com\/wp-content\/uploads\/2023\/08\/LogoBlack.svg\",\"width\":210,\"height\":60,\"caption\":\"Flexfurn\"},\"image\":{\"@id\":\"https:\/\/beta.flexfurn.com\/#\/schema\/logo\/image\/\"}}]}<\/script>\n<!-- \/ Yoast SEO plugin. -->","yoast_head_json":{"title":"Palm lounge klein - Flexfurn","robots":{"index":"index","follow":"follow","max-snippet":"max-snippet:-1","max-image-preview":"max-image-preview:large","max-video-preview":"max-video-preview:-1"},"canonical":"https:\/\/beta.flexfurn.com\/de\/produkt\/palm-lounge-tafel-klein\/","og_locale":"de_DE","og_type":"article","og_title":"Palm lounge klein - Flexfurn","og_description":"PALM LOUNGE. Deze sofa en ottomans met een Bohemian-look zijn vervaardigd uit gepoedercoat staal, waardoor je de lounge zowel binnen als buiten kunt gebruiken. Het poedercoaten voorkomt dat het staal...","og_url":"https:\/\/beta.flexfurn.com\/de\/produkt\/palm-lounge-tafel-klein\/","og_site_name":"Flexfurn","article_modified_time":"2024-01-02T14:56:04+00:00","og_image":[{"width":2000,"height":2000,"url":"https:\/\/beta.flexfurn.com\/wp-content\/uploads\/2023\/12\/Palm-Lounge-Pouf-Side-Beige.jpg","type":"image\/jpeg"}],"twitter_card":"summary_large_image","twitter_misc":{"Gesch\u00e4tzte Lesezeit":"1\u00a0Minute"},"schema":{"@context":"https:\/\/schema.org","@graph":[{"@type":"WebPage","@id":"https:\/\/beta.flexfurn.com\/product\/palm-lounge-tafel-klein\/","url":"https:\/\/beta.flexfurn.com\/product\/palm-lounge-tafel-klein\/","name":"Palm lounge klein - Flexfurn","isPartOf":{"@id":"https:\/\/beta.flexfurn.com\/#website"},"datePublished":"2023-12-18T08:07:37+00:00","dateModified":"2024-01-02T14:56:04+00:00","breadcrumb":{"@id":"https:\/\/beta.flexfurn.com\/product\/palm-lounge-tafel-klein\/#breadcrumb"},"inLanguage":"de","potentialAction":[{"@type":"ReadAction","target":["https:\/\/beta.flexfurn.com\/product\/palm-lounge-tafel-klein\/"]}]},{"@type":"BreadcrumbList","@id":"https:\/\/beta.flexfurn.com\/product\/palm-lounge-tafel-klein\/#breadcrumb","itemListElement":[{"@type":"ListItem","position":1,"name":"Home","item":"https:\/\/beta.flexfurn.com\/"},{"@type":"ListItem","position":2,"name":"Winkel","item":"https:\/\/beta.flexfurn.com\/winkel\/"},{"@type":"ListItem","position":3,"name":"Palm lounge klein"}]},{"@type":"WebSite","@id":"https:\/\/beta.flexfurn.com\/#website","url":"https:\/\/beta.flexfurn.com\/","name":"Flexfurn","description":"","publisher":{"@id":"https:\/\/beta.flexfurn.com\/#organization"},"potentialAction":[{"@type":"SearchAction","target":{"@type":"EntryPoint","urlTemplate":"https:\/\/beta.flexfurn.com\/?s={search_term_string}"},"query-input":"required name=search_term_string"}],"inLanguage":"de"},{"@type":"Organization","@id":"https:\/\/beta.flexfurn.com\/#organization","name":"Flexfurn","url":"https:\/\/beta.flexfurn.com\/","logo":{"@type":"ImageObject","inLanguage":"de","@id":"https:\/\/beta.flexfurn.com\/#\/schema\/logo\/image\/","url":"https:\/\/beta.flexfurn.com\/wp-content\/uploads\/2023\/08\/LogoBlack.svg","contentUrl":"https:\/\/beta.flexfurn.com\/wp-content\/uploads\/2023\/08\/LogoBlack.svg","width":210,"height":60,"caption":"Flexfurn"},"image":{"@id":"https:\/\/beta.flexfurn.com\/#\/schema\/logo\/image\/"}}]}},"_links":{"self":[{"href":"https:\/\/beta.flexfurn.com\/de\/wp-json\/wp\/v2\/product\/1438","targetHints":{"allow":["GET"]}}],"collection":[{"href":"https:\/\/beta.flexfurn.com\/de\/wp-json\/wp\/v2\/product"}],"about":[{"href":"https:\/\/beta.flexfurn.com\/de\/wp-json\/wp\/v2\/types\/product"}],"replies":[{"embeddable":true,"href":"https:\/\/beta.flexfurn.com\/de\/wp-json\/wp\/v2\/comments?post=1438"}],"wp:featuredmedia":[{"embeddable":true,"href":"https:\/\/beta.flexfurn.com\/de\/wp-json\/wp\/v2\/media\/2332"}],"wp:attachment":[{"href":"https:\/\/beta.flexfurn.com\/de\/wp-json\/wp\/v2\/media?parent=1438"}],"wp:term":[{"taxonomy":"product_cat","embeddable":true,"href":"https:\/\/beta.flexfurn.com\/de\/wp-json\/wp\/v2\/product_cat?post=1438"},{"taxonomy":"product_tag","embeddable":true,"href":"https:\/\/beta.flexfurn.com\/de\/wp-json\/wp\/v2\/product_tag?post=1438"}],"curies":[{"name":"wp","href":"https:\/\/api.w.org\/{rel}","templated":true}]}}