{"id":1483,"date":"2023-12-18T09:07:51","date_gmt":"2023-12-18T08:07:51","guid":{"rendered":"https:\/\/beta.flexfurn.com\/product\/vase-set-tafel\/"},"modified":"2024-01-02T15:50:08","modified_gmt":"2024-01-02T14:50:08","slug":"vase-set","status":"publish","type":"product","link":"https:\/\/beta.flexfurn.com\/de\/product\/vase-set\/","title":{"rendered":"Vase Tisch Set"},"content":{"rendered":"<p>Was die VASE-KOLLEKTION von Flexfurn auszeichnet, ist ihre Funktionalit\u00e4t. Die M\u00f6bel sind leicht, stapelbar und leicht zu transportieren und eignen sich daher ideal f\u00fcr den Einsatz bei Veranstaltungen, Konferenzen, Gastronomiebetrieben und anderen Situationen, in denen Flexibilit\u00e4t erforderlich ist. Sie k\u00f6nnen bei Nichtgebrauch m\u00fchelos gestapelt und verstaut werden, wodurch wertvoller Platz gespart wird. Dar\u00fcber hinaus l\u00e4sst sich die Vase dank des praktischen integrierten Drehverschlusssystems leicht auf- und abbauen.<\/p>","protected":false},"excerpt":{"rendered":"<p>Wat de VASE COLLECTION van Flexfurn onderscheidt, is de functionaliteit ervan. Het meubilair is lichtgewicht, stapelbaar en eenvoudig te transporteren, waardoor het ideaal is voor gebruik op evenementen, conferenties, horecagelegenheden&#8230;<\/p>","protected":false},"featured_media":3259,"comment_status":"open","ping_status":"closed","template":"","meta":[],"product_cat":[77],"product_tag":[],"class_list":{"0":"post-1483","1":"product","2":"type-product","3":"status-publish","4":"has-post-thumbnail","6":"product_cat-set-tafel","8":"first","9":"instock","10":"taxable","11":"shipping-taxable","12":"purchasable","13":"product-type-variable"},"yoast_head":"<!-- This site is optimized with the Yoast SEO plugin v21.7 - https:\/\/yoast.com\/wordpress\/plugins\/seo\/ -->\n<title>Vase Set tafel - Flexfurn<\/title>\n<meta name=\"robots\" content=\"index, follow, max-snippet:-1, max-image-preview:large, max-video-preview:-1\" \/>\n<link rel=\"canonical\" href=\"https:\/\/beta.flexfurn.com\/de\/produkt\/vase-set\/\" \/>\n<meta property=\"og:locale\" content=\"de_DE\" \/>\n<meta property=\"og:type\" content=\"article\" \/>\n<meta property=\"og:title\" content=\"Vase Set tafel - Flexfurn\" \/>\n<meta property=\"og:description\" content=\"Wat de VASE COLLECTION van Flexfurn onderscheidt, is de functionaliteit ervan. Het meubilair is lichtgewicht, stapelbaar en eenvoudig te transporteren, waardoor het ideaal is voor gebruik op evenementen, conferenties, horecagelegenheden...\" \/>\n<meta property=\"og:url\" content=\"https:\/\/beta.flexfurn.com\/de\/produkt\/vase-set\/\" \/>\n<meta property=\"og:site_name\" content=\"Flexfurn\" \/>\n<meta property=\"article:modified_time\" content=\"2024-01-02T14:50:08+00:00\" \/>\n<meta property=\"og:image\" content=\"https:\/\/beta.flexfurn.com\/wp-content\/uploads\/2023\/12\/427ee6951c5a40748b051d2e5dba65ce2aacc3e5abb24690947e116d9f4312605aecffc038c54d57ab2d3776db40236a-2.jpg\" \/>\n\t<meta property=\"og:image:width\" content=\"2000\" \/>\n\t<meta property=\"og:image:height\" content=\"2000\" \/>\n\t<meta property=\"og:image:type\" content=\"image\/jpeg\" \/>\n<meta name=\"twitter:card\" content=\"summary_large_image\" \/>\n<meta name=\"twitter:label1\" content=\"Gesch\u00e4tzte Lesezeit\" \/>\n\t<meta name=\"twitter:data1\" content=\"1\u00a0Minute\" \/>\n<script type=\"application\/ld+json\" class=\"yoast-schema-graph\">{\"@context\":\"https:\/\/schema.org\",\"@graph\":[{\"@type\":\"WebPage\",\"@id\":\"https:\/\/beta.flexfurn.com\/product\/vase-set\/\",\"url\":\"https:\/\/beta.flexfurn.com\/product\/vase-set\/\",\"name\":\"Vase Set tafel - Flexfurn\",\"isPartOf\":{\"@id\":\"https:\/\/beta.flexfurn.com\/#website\"},\"datePublished\":\"2023-12-18T08:07:51+00:00\",\"dateModified\":\"2024-01-02T14:50:08+00:00\",\"breadcrumb\":{\"@id\":\"https:\/\/beta.flexfurn.com\/product\/vase-set\/#breadcrumb\"},\"inLanguage\":\"de\",\"potentialAction\":[{\"@type\":\"ReadAction\",\"target\":[\"https:\/\/beta.flexfurn.com\/product\/vase-set\/\"]}]},{\"@type\":\"BreadcrumbList\",\"@id\":\"https:\/\/beta.flexfurn.com\/product\/vase-set\/#breadcrumb\",\"itemListElement\":[{\"@type\":\"ListItem\",\"position\":1,\"name\":\"Home\",\"item\":\"https:\/\/beta.flexfurn.com\/\"},{\"@type\":\"ListItem\",\"position\":2,\"name\":\"Winkel\",\"item\":\"https:\/\/beta.flexfurn.com\/winkel\/\"},{\"@type\":\"ListItem\",\"position\":3,\"name\":\"Vase Set tafel\"}]},{\"@type\":\"WebSite\",\"@id\":\"https:\/\/beta.flexfurn.com\/#website\",\"url\":\"https:\/\/beta.flexfurn.com\/\",\"name\":\"Flexfurn\",\"description\":\"\",\"publisher\":{\"@id\":\"https:\/\/beta.flexfurn.com\/#organization\"},\"potentialAction\":[{\"@type\":\"SearchAction\",\"target\":{\"@type\":\"EntryPoint\",\"urlTemplate\":\"https:\/\/beta.flexfurn.com\/?s={search_term_string}\"},\"query-input\":\"required name=search_term_string\"}],\"inLanguage\":\"de\"},{\"@type\":\"Organization\",\"@id\":\"https:\/\/beta.flexfurn.com\/#organization\",\"name\":\"Flexfurn\",\"url\":\"https:\/\/beta.flexfurn.com\/\",\"logo\":{\"@type\":\"ImageObject\",\"inLanguage\":\"de\",\"@id\":\"https:\/\/beta.flexfurn.com\/#\/schema\/logo\/image\/\",\"url\":\"https:\/\/beta.flexfurn.com\/wp-content\/uploads\/2023\/08\/LogoBlack.svg\",\"contentUrl\":\"https:\/\/beta.flexfurn.com\/wp-content\/uploads\/2023\/08\/LogoBlack.svg\",\"width\":210,\"height\":60,\"caption\":\"Flexfurn\"},\"image\":{\"@id\":\"https:\/\/beta.flexfurn.com\/#\/schema\/logo\/image\/\"}}]}<\/script>\n<!-- \/ Yoast SEO plugin. -->","yoast_head_json":{"title":"Vase Set tafel - Flexfurn","robots":{"index":"index","follow":"follow","max-snippet":"max-snippet:-1","max-image-preview":"max-image-preview:large","max-video-preview":"max-video-preview:-1"},"canonical":"https:\/\/beta.flexfurn.com\/de\/produkt\/vase-set\/","og_locale":"de_DE","og_type":"article","og_title":"Vase Set tafel - Flexfurn","og_description":"Wat de VASE COLLECTION van Flexfurn onderscheidt, is de functionaliteit ervan. Het meubilair is lichtgewicht, stapelbaar en eenvoudig te transporteren, waardoor het ideaal is voor gebruik op evenementen, conferenties, horecagelegenheden...","og_url":"https:\/\/beta.flexfurn.com\/de\/produkt\/vase-set\/","og_site_name":"Flexfurn","article_modified_time":"2024-01-02T14:50:08+00:00","og_image":[{"width":2000,"height":2000,"url":"https:\/\/beta.flexfurn.com\/wp-content\/uploads\/2023\/12\/427ee6951c5a40748b051d2e5dba65ce2aacc3e5abb24690947e116d9f4312605aecffc038c54d57ab2d3776db40236a-2.jpg","type":"image\/jpeg"}],"twitter_card":"summary_large_image","twitter_misc":{"Gesch\u00e4tzte Lesezeit":"1\u00a0Minute"},"schema":{"@context":"https:\/\/schema.org","@graph":[{"@type":"WebPage","@id":"https:\/\/beta.flexfurn.com\/product\/vase-set\/","url":"https:\/\/beta.flexfurn.com\/product\/vase-set\/","name":"Vase Set tafel - Flexfurn","isPartOf":{"@id":"https:\/\/beta.flexfurn.com\/#website"},"datePublished":"2023-12-18T08:07:51+00:00","dateModified":"2024-01-02T14:50:08+00:00","breadcrumb":{"@id":"https:\/\/beta.flexfurn.com\/product\/vase-set\/#breadcrumb"},"inLanguage":"de","potentialAction":[{"@type":"ReadAction","target":["https:\/\/beta.flexfurn.com\/product\/vase-set\/"]}]},{"@type":"BreadcrumbList","@id":"https:\/\/beta.flexfurn.com\/product\/vase-set\/#breadcrumb","itemListElement":[{"@type":"ListItem","position":1,"name":"Home","item":"https:\/\/beta.flexfurn.com\/"},{"@type":"ListItem","position":2,"name":"Winkel","item":"https:\/\/beta.flexfurn.com\/winkel\/"},{"@type":"ListItem","position":3,"name":"Vase Set tafel"}]},{"@type":"WebSite","@id":"https:\/\/beta.flexfurn.com\/#website","url":"https:\/\/beta.flexfurn.com\/","name":"Flexfurn","description":"","publisher":{"@id":"https:\/\/beta.flexfurn.com\/#organization"},"potentialAction":[{"@type":"SearchAction","target":{"@type":"EntryPoint","urlTemplate":"https:\/\/beta.flexfurn.com\/?s={search_term_string}"},"query-input":"required name=search_term_string"}],"inLanguage":"de"},{"@type":"Organization","@id":"https:\/\/beta.flexfurn.com\/#organization","name":"Flexfurn","url":"https:\/\/beta.flexfurn.com\/","logo":{"@type":"ImageObject","inLanguage":"de","@id":"https:\/\/beta.flexfurn.com\/#\/schema\/logo\/image\/","url":"https:\/\/beta.flexfurn.com\/wp-content\/uploads\/2023\/08\/LogoBlack.svg","contentUrl":"https:\/\/beta.flexfurn.com\/wp-content\/uploads\/2023\/08\/LogoBlack.svg","width":210,"height":60,"caption":"Flexfurn"},"image":{"@id":"https:\/\/beta.flexfurn.com\/#\/schema\/logo\/image\/"}}]}},"_links":{"self":[{"href":"https:\/\/beta.flexfurn.com\/de\/wp-json\/wp\/v2\/product\/1483","targetHints":{"allow":["GET"]}}],"collection":[{"href":"https:\/\/beta.flexfurn.com\/de\/wp-json\/wp\/v2\/product"}],"about":[{"href":"https:\/\/beta.flexfurn.com\/de\/wp-json\/wp\/v2\/types\/product"}],"replies":[{"embeddable":true,"href":"https:\/\/beta.flexfurn.com\/de\/wp-json\/wp\/v2\/comments?post=1483"}],"wp:featuredmedia":[{"embeddable":true,"href":"https:\/\/beta.flexfurn.com\/de\/wp-json\/wp\/v2\/media\/3259"}],"wp:attachment":[{"href":"https:\/\/beta.flexfurn.com\/de\/wp-json\/wp\/v2\/media?parent=1483"}],"wp:term":[{"taxonomy":"product_cat","embeddable":true,"href":"https:\/\/beta.flexfurn.com\/de\/wp-json\/wp\/v2\/product_cat?post=1483"},{"taxonomy":"product_tag","embeddable":true,"href":"https:\/\/beta.flexfurn.com\/de\/wp-json\/wp\/v2\/product_tag?post=1483"}],"curies":[{"name":"wp","href":"https:\/\/api.w.org\/{rel}","templated":true}]}}