{"id":2810,"date":"2023-12-28T19:10:30","date_gmt":"2023-12-28T18:10:30","guid":{"rendered":"https:\/\/beta.flexfurn.com\/?post_type=product&#038;p=2810"},"modified":"2024-01-02T15:39:55","modified_gmt":"2024-01-02T14:39:55","slug":"farm-klaptafel","status":"publish","type":"product","link":"https:\/\/beta.flexfurn.com\/de\/product\/farm-klaptafel\/","title":{"rendered":"Farm Klapptisch niedrig"},"content":{"rendered":"<p><span data-doc-id=\"3416738000000141090\" data-doc-type=\"writer\">Dieser Holzklapptisch mit seinem rustikalen und soliden Charakter ist einfach zu bedienen. <\/span>Der Farm Table vereint Funktionalit\u00e4t und Eleganz. Dieser Klapptisch besteht aus Ulmenholz und l\u00e4sst sich dank seiner faltbaren Beschaffenheit sehr einfach verstauen. Das Verriegelungssystem h\u00e4lt den Tisch zusammengeklappt. Stapeln Sie diesen Klapptisch schnell und einfach im passenden Transportwagen. Dadurch wird die Aufbewahrung und der Transport Ihres Tisches noch einfacher.<\/p>","protected":false},"excerpt":{"rendered":"<p>Deze houten klaptafel met zijn zijn rustieke en solide karakter is handig in gebruik. De Farm Table combineert functionaliteit en elegantie. Deze klaptafel is vervaardigd uit iepenhout en dankzij het&#8230;<\/p>","protected":false},"featured_media":2813,"comment_status":"open","ping_status":"closed","template":"","meta":[],"product_cat":[69,68],"product_tag":[],"class_list":{"0":"post-2810","1":"product","2":"type-product","3":"status-publish","4":"has-post-thumbnail","6":"product_cat-eettafel","7":"product_cat-klaptafel","9":"first","10":"instock","11":"taxable","12":"shipping-taxable","13":"purchasable","14":"product-type-simple"},"yoast_head":"<!-- This site is optimized with the Yoast SEO plugin v21.7 - https:\/\/yoast.com\/wordpress\/plugins\/seo\/ -->\n<title>Farm klaptafel laag - Flexfurn<\/title>\n<meta name=\"robots\" content=\"index, follow, max-snippet:-1, max-image-preview:large, max-video-preview:-1\" \/>\n<link rel=\"canonical\" href=\"https:\/\/beta.flexfurn.com\/de\/produkt\/farm-klaptafel\/\" \/>\n<meta property=\"og:locale\" content=\"de_DE\" \/>\n<meta property=\"og:type\" content=\"article\" \/>\n<meta property=\"og:title\" content=\"Farm klaptafel laag - Flexfurn\" \/>\n<meta property=\"og:description\" content=\"Deze houten klaptafel met zijn zijn rustieke en solide karakter is handig in gebruik. De Farm Table combineert functionaliteit en elegantie. Deze klaptafel is vervaardigd uit iepenhout en dankzij het...\" \/>\n<meta property=\"og:url\" content=\"https:\/\/beta.flexfurn.com\/de\/produkt\/farm-klaptafel\/\" \/>\n<meta property=\"og:site_name\" content=\"Flexfurn\" \/>\n<meta property=\"article:modified_time\" content=\"2024-01-02T14:39:55+00:00\" \/>\n<meta property=\"og:image\" content=\"https:\/\/beta.flexfurn.com\/wp-content\/uploads\/2023\/12\/Farm-table-.jpg\" \/>\n\t<meta property=\"og:image:width\" content=\"2000\" \/>\n\t<meta property=\"og:image:height\" content=\"2000\" \/>\n\t<meta property=\"og:image:type\" content=\"image\/jpeg\" \/>\n<meta name=\"twitter:card\" content=\"summary_large_image\" \/>\n<meta name=\"twitter:label1\" content=\"Gesch\u00e4tzte Lesezeit\" \/>\n\t<meta name=\"twitter:data1\" content=\"1\u00a0Minute\" \/>\n<script type=\"application\/ld+json\" class=\"yoast-schema-graph\">{\"@context\":\"https:\/\/schema.org\",\"@graph\":[{\"@type\":\"WebPage\",\"@id\":\"https:\/\/beta.flexfurn.com\/product\/farm-klaptafel\/\",\"url\":\"https:\/\/beta.flexfurn.com\/product\/farm-klaptafel\/\",\"name\":\"Farm klaptafel laag - Flexfurn\",\"isPartOf\":{\"@id\":\"https:\/\/beta.flexfurn.com\/#website\"},\"datePublished\":\"2023-12-28T18:10:30+00:00\",\"dateModified\":\"2024-01-02T14:39:55+00:00\",\"breadcrumb\":{\"@id\":\"https:\/\/beta.flexfurn.com\/product\/farm-klaptafel\/#breadcrumb\"},\"inLanguage\":\"de\",\"potentialAction\":[{\"@type\":\"ReadAction\",\"target\":[\"https:\/\/beta.flexfurn.com\/product\/farm-klaptafel\/\"]}]},{\"@type\":\"BreadcrumbList\",\"@id\":\"https:\/\/beta.flexfurn.com\/product\/farm-klaptafel\/#breadcrumb\",\"itemListElement\":[{\"@type\":\"ListItem\",\"position\":1,\"name\":\"Home\",\"item\":\"https:\/\/beta.flexfurn.com\/\"},{\"@type\":\"ListItem\",\"position\":2,\"name\":\"Winkel\",\"item\":\"https:\/\/beta.flexfurn.com\/winkel\/\"},{\"@type\":\"ListItem\",\"position\":3,\"name\":\"Farm klaptafel laag\"}]},{\"@type\":\"WebSite\",\"@id\":\"https:\/\/beta.flexfurn.com\/#website\",\"url\":\"https:\/\/beta.flexfurn.com\/\",\"name\":\"Flexfurn\",\"description\":\"\",\"publisher\":{\"@id\":\"https:\/\/beta.flexfurn.com\/#organization\"},\"potentialAction\":[{\"@type\":\"SearchAction\",\"target\":{\"@type\":\"EntryPoint\",\"urlTemplate\":\"https:\/\/beta.flexfurn.com\/?s={search_term_string}\"},\"query-input\":\"required name=search_term_string\"}],\"inLanguage\":\"de\"},{\"@type\":\"Organization\",\"@id\":\"https:\/\/beta.flexfurn.com\/#organization\",\"name\":\"Flexfurn\",\"url\":\"https:\/\/beta.flexfurn.com\/\",\"logo\":{\"@type\":\"ImageObject\",\"inLanguage\":\"de\",\"@id\":\"https:\/\/beta.flexfurn.com\/#\/schema\/logo\/image\/\",\"url\":\"https:\/\/beta.flexfurn.com\/wp-content\/uploads\/2023\/08\/LogoBlack.svg\",\"contentUrl\":\"https:\/\/beta.flexfurn.com\/wp-content\/uploads\/2023\/08\/LogoBlack.svg\",\"width\":210,\"height\":60,\"caption\":\"Flexfurn\"},\"image\":{\"@id\":\"https:\/\/beta.flexfurn.com\/#\/schema\/logo\/image\/\"}}]}<\/script>\n<!-- \/ Yoast SEO plugin. -->","yoast_head_json":{"title":"Farm klaptafel laag - Flexfurn","robots":{"index":"index","follow":"follow","max-snippet":"max-snippet:-1","max-image-preview":"max-image-preview:large","max-video-preview":"max-video-preview:-1"},"canonical":"https:\/\/beta.flexfurn.com\/de\/produkt\/farm-klaptafel\/","og_locale":"de_DE","og_type":"article","og_title":"Farm klaptafel laag - Flexfurn","og_description":"Deze houten klaptafel met zijn zijn rustieke en solide karakter is handig in gebruik. De Farm Table combineert functionaliteit en elegantie. Deze klaptafel is vervaardigd uit iepenhout en dankzij het...","og_url":"https:\/\/beta.flexfurn.com\/de\/produkt\/farm-klaptafel\/","og_site_name":"Flexfurn","article_modified_time":"2024-01-02T14:39:55+00:00","og_image":[{"width":2000,"height":2000,"url":"https:\/\/beta.flexfurn.com\/wp-content\/uploads\/2023\/12\/Farm-table-.jpg","type":"image\/jpeg"}],"twitter_card":"summary_large_image","twitter_misc":{"Gesch\u00e4tzte Lesezeit":"1\u00a0Minute"},"schema":{"@context":"https:\/\/schema.org","@graph":[{"@type":"WebPage","@id":"https:\/\/beta.flexfurn.com\/product\/farm-klaptafel\/","url":"https:\/\/beta.flexfurn.com\/product\/farm-klaptafel\/","name":"Farm klaptafel laag - Flexfurn","isPartOf":{"@id":"https:\/\/beta.flexfurn.com\/#website"},"datePublished":"2023-12-28T18:10:30+00:00","dateModified":"2024-01-02T14:39:55+00:00","breadcrumb":{"@id":"https:\/\/beta.flexfurn.com\/product\/farm-klaptafel\/#breadcrumb"},"inLanguage":"de","potentialAction":[{"@type":"ReadAction","target":["https:\/\/beta.flexfurn.com\/product\/farm-klaptafel\/"]}]},{"@type":"BreadcrumbList","@id":"https:\/\/beta.flexfurn.com\/product\/farm-klaptafel\/#breadcrumb","itemListElement":[{"@type":"ListItem","position":1,"name":"Home","item":"https:\/\/beta.flexfurn.com\/"},{"@type":"ListItem","position":2,"name":"Winkel","item":"https:\/\/beta.flexfurn.com\/winkel\/"},{"@type":"ListItem","position":3,"name":"Farm klaptafel laag"}]},{"@type":"WebSite","@id":"https:\/\/beta.flexfurn.com\/#website","url":"https:\/\/beta.flexfurn.com\/","name":"Flexfurn","description":"","publisher":{"@id":"https:\/\/beta.flexfurn.com\/#organization"},"potentialAction":[{"@type":"SearchAction","target":{"@type":"EntryPoint","urlTemplate":"https:\/\/beta.flexfurn.com\/?s={search_term_string}"},"query-input":"required name=search_term_string"}],"inLanguage":"de"},{"@type":"Organization","@id":"https:\/\/beta.flexfurn.com\/#organization","name":"Flexfurn","url":"https:\/\/beta.flexfurn.com\/","logo":{"@type":"ImageObject","inLanguage":"de","@id":"https:\/\/beta.flexfurn.com\/#\/schema\/logo\/image\/","url":"https:\/\/beta.flexfurn.com\/wp-content\/uploads\/2023\/08\/LogoBlack.svg","contentUrl":"https:\/\/beta.flexfurn.com\/wp-content\/uploads\/2023\/08\/LogoBlack.svg","width":210,"height":60,"caption":"Flexfurn"},"image":{"@id":"https:\/\/beta.flexfurn.com\/#\/schema\/logo\/image\/"}}]}},"_links":{"self":[{"href":"https:\/\/beta.flexfurn.com\/de\/wp-json\/wp\/v2\/product\/2810","targetHints":{"allow":["GET"]}}],"collection":[{"href":"https:\/\/beta.flexfurn.com\/de\/wp-json\/wp\/v2\/product"}],"about":[{"href":"https:\/\/beta.flexfurn.com\/de\/wp-json\/wp\/v2\/types\/product"}],"replies":[{"embeddable":true,"href":"https:\/\/beta.flexfurn.com\/de\/wp-json\/wp\/v2\/comments?post=2810"}],"wp:featuredmedia":[{"embeddable":true,"href":"https:\/\/beta.flexfurn.com\/de\/wp-json\/wp\/v2\/media\/2813"}],"wp:attachment":[{"href":"https:\/\/beta.flexfurn.com\/de\/wp-json\/wp\/v2\/media?parent=2810"}],"wp:term":[{"taxonomy":"product_cat","embeddable":true,"href":"https:\/\/beta.flexfurn.com\/de\/wp-json\/wp\/v2\/product_cat?post=2810"},{"taxonomy":"product_tag","embeddable":true,"href":"https:\/\/beta.flexfurn.com\/de\/wp-json\/wp\/v2\/product_tag?post=2810"}],"curies":[{"name":"wp","href":"https:\/\/api.w.org\/{rel}","templated":true}]}}