{"id":3914,"date":"2024-01-04T14:47:20","date_gmt":"2024-01-04T13:47:20","guid":{"rendered":"https:\/\/beta.flexfurn.com\/?post_type=product&#038;p=3914"},"modified":"2024-01-05T09:06:34","modified_gmt":"2024-01-05T08:06:34","slug":"transportkar-crossback-ronda-louis","status":"publish","type":"product","link":"https:\/\/beta.flexfurn.com\/de\/product\/transportkar-crossback-ronda-louis\/","title":{"rendered":"Transportwagen Crossback, Ronda &amp; Louis"},"content":{"rendered":"<p class=\"zw-paragraph\" data-textformat=\"{&quot;ff&quot;:&quot;Montserrat&quot;,&quot;fv&quot;:&quot;normal&quot;,&quot;td&quot;:&quot;none&quot;,&quot;cs&quot;:&quot;0pt&quot;,&quot;fw&quot;:&quot;bold&quot;,&quot;fgc&quot;:&quot;rgb(0, 0, 0)&quot;,&quot;size&quot;:&quot;12.00&quot;,&quot;va&quot;:&quot;baseline&quot;,&quot;type&quot;:&quot;text&quot;,&quot;fs&quot;:&quot;normal&quot;,&quot;bgc&quot;:&quot;rgba(0, 0, 0, 0)&quot;}\" data-margin-bottom=\"12pt\" data-line-height=\"1.2\" data-doc-id=\"3416738000000117107\" data-doc-type=\"writer\">Der Transportwagen gew\u00e4hrleistet den Transport, die Lagerung und den Schutz der Stapelst\u00fchle Crossback, Louis und Ronda. Platzieren Sie 21 St\u00fchle im ma\u00dfgeschneiderten Transportwagen. Der Wagen wird bef\u00fcllt und montiert geliefert. Der Transportwagen ist mit 4 vulkanisierten R\u00e4dern ausgestattet: 2 Lenkr\u00e4der mit Bremse und 2 Bockr\u00e4der.<\/p>","protected":false},"excerpt":{"rendered":"<p>Stahlrahmen<br \/>\nGeh\u00e4mmerte graue Pulverbeschichtung<br \/>\nAuf Lager 21 St\u00fchle<br \/>\nVulkanisierte R\u00e4der Durchm. 12,5 cm<br \/>\n2 Lenkr\u00e4der mit Bremsen<br \/>\n2 feste R\u00e4der<br \/>\n*Hinweis: Preis f\u00fcr montierten Transportwagen exkl. St\u00fchle<\/p>","protected":false},"featured_media":3916,"comment_status":"open","ping_status":"closed","template":"","meta":[],"product_cat":[93,92],"product_tag":[],"class_list":{"0":"post-3914","1":"product","2":"type-product","3":"status-publish","4":"has-post-thumbnail","6":"product_cat-transportkar-stapelstoelen","7":"product_cat-transportkarren","9":"first","10":"instock","11":"taxable","12":"shipping-taxable","13":"purchasable","14":"product-type-simple"},"yoast_head":"<!-- This site is optimized with the Yoast SEO plugin v21.7 - https:\/\/yoast.com\/wordpress\/plugins\/seo\/ -->\n<title>Transportkar Crossback, Ronda &amp; Louis - Flexfurn<\/title>\n<meta name=\"robots\" content=\"index, follow, max-snippet:-1, max-image-preview:large, max-video-preview:-1\" \/>\n<link rel=\"canonical\" href=\"https:\/\/beta.flexfurn.com\/de\/produkt\/transportkar-crossback-ronda-louis\/\" \/>\n<meta property=\"og:locale\" content=\"de_DE\" \/>\n<meta property=\"og:type\" content=\"article\" \/>\n<meta property=\"og:title\" content=\"Transportkar Crossback, Ronda &amp; Louis - Flexfurn\" \/>\n<meta property=\"og:description\" content=\"Stalen frame Hamerslag grijs poedercoating Stockeert 21 stoelen Gevulkaniseerde wielen diam. 12,5cm 2 zwenkwielen met rem 2 bokwielen *Let op: prijs voor gemonteerde transportkar excl. de stoelen\" \/>\n<meta property=\"og:url\" content=\"https:\/\/beta.flexfurn.com\/de\/produkt\/transportkar-crossback-ronda-louis\/\" \/>\n<meta property=\"og:site_name\" content=\"Flexfurn\" \/>\n<meta property=\"article:modified_time\" content=\"2024-01-05T08:06:34+00:00\" \/>\n<meta property=\"og:image\" content=\"https:\/\/beta.flexfurn.com\/wp-content\/uploads\/2024\/01\/Transportkar-CrossbackRondaLouis-1024x1024.png\" \/>\n\t<meta property=\"og:image:width\" content=\"1024\" \/>\n\t<meta property=\"og:image:height\" content=\"1024\" \/>\n\t<meta property=\"og:image:type\" content=\"image\/png\" \/>\n<meta name=\"twitter:card\" content=\"summary_large_image\" \/>\n<meta name=\"twitter:label1\" content=\"Gesch\u00e4tzte Lesezeit\" \/>\n\t<meta name=\"twitter:data1\" content=\"1\u00a0Minute\" \/>\n<script type=\"application\/ld+json\" class=\"yoast-schema-graph\">{\"@context\":\"https:\/\/schema.org\",\"@graph\":[{\"@type\":\"WebPage\",\"@id\":\"https:\/\/beta.flexfurn.com\/product\/transportkar-crossback-ronda-louis\/\",\"url\":\"https:\/\/beta.flexfurn.com\/product\/transportkar-crossback-ronda-louis\/\",\"name\":\"Transportkar Crossback, Ronda & Louis - Flexfurn\",\"isPartOf\":{\"@id\":\"https:\/\/beta.flexfurn.com\/#website\"},\"datePublished\":\"2024-01-04T13:47:20+00:00\",\"dateModified\":\"2024-01-05T08:06:34+00:00\",\"breadcrumb\":{\"@id\":\"https:\/\/beta.flexfurn.com\/product\/transportkar-crossback-ronda-louis\/#breadcrumb\"},\"inLanguage\":\"de\",\"potentialAction\":[{\"@type\":\"ReadAction\",\"target\":[\"https:\/\/beta.flexfurn.com\/product\/transportkar-crossback-ronda-louis\/\"]}]},{\"@type\":\"BreadcrumbList\",\"@id\":\"https:\/\/beta.flexfurn.com\/product\/transportkar-crossback-ronda-louis\/#breadcrumb\",\"itemListElement\":[{\"@type\":\"ListItem\",\"position\":1,\"name\":\"Home\",\"item\":\"https:\/\/beta.flexfurn.com\/\"},{\"@type\":\"ListItem\",\"position\":2,\"name\":\"Winkel\",\"item\":\"https:\/\/beta.flexfurn.com\/winkel\/\"},{\"@type\":\"ListItem\",\"position\":3,\"name\":\"Transportkar Crossback, Ronda &#038; Louis\"}]},{\"@type\":\"WebSite\",\"@id\":\"https:\/\/beta.flexfurn.com\/#website\",\"url\":\"https:\/\/beta.flexfurn.com\/\",\"name\":\"Flexfurn\",\"description\":\"\",\"publisher\":{\"@id\":\"https:\/\/beta.flexfurn.com\/#organization\"},\"potentialAction\":[{\"@type\":\"SearchAction\",\"target\":{\"@type\":\"EntryPoint\",\"urlTemplate\":\"https:\/\/beta.flexfurn.com\/?s={search_term_string}\"},\"query-input\":\"required name=search_term_string\"}],\"inLanguage\":\"de\"},{\"@type\":\"Organization\",\"@id\":\"https:\/\/beta.flexfurn.com\/#organization\",\"name\":\"Flexfurn\",\"url\":\"https:\/\/beta.flexfurn.com\/\",\"logo\":{\"@type\":\"ImageObject\",\"inLanguage\":\"de\",\"@id\":\"https:\/\/beta.flexfurn.com\/#\/schema\/logo\/image\/\",\"url\":\"https:\/\/beta.flexfurn.com\/wp-content\/uploads\/2023\/08\/LogoBlack.svg\",\"contentUrl\":\"https:\/\/beta.flexfurn.com\/wp-content\/uploads\/2023\/08\/LogoBlack.svg\",\"width\":210,\"height\":60,\"caption\":\"Flexfurn\"},\"image\":{\"@id\":\"https:\/\/beta.flexfurn.com\/#\/schema\/logo\/image\/\"}}]}<\/script>\n<!-- \/ Yoast SEO plugin. -->","yoast_head_json":{"title":"Transportkar Crossback, Ronda & Louis - Flexfurn","robots":{"index":"index","follow":"follow","max-snippet":"max-snippet:-1","max-image-preview":"max-image-preview:large","max-video-preview":"max-video-preview:-1"},"canonical":"https:\/\/beta.flexfurn.com\/de\/produkt\/transportkar-crossback-ronda-louis\/","og_locale":"de_DE","og_type":"article","og_title":"Transportkar Crossback, Ronda & Louis - Flexfurn","og_description":"Stalen frame Hamerslag grijs poedercoating Stockeert 21 stoelen Gevulkaniseerde wielen diam. 12,5cm 2 zwenkwielen met rem 2 bokwielen *Let op: prijs voor gemonteerde transportkar excl. de stoelen","og_url":"https:\/\/beta.flexfurn.com\/de\/produkt\/transportkar-crossback-ronda-louis\/","og_site_name":"Flexfurn","article_modified_time":"2024-01-05T08:06:34+00:00","og_image":[{"width":1024,"height":1024,"url":"https:\/\/beta.flexfurn.com\/wp-content\/uploads\/2024\/01\/Transportkar-CrossbackRondaLouis-1024x1024.png","type":"image\/png"}],"twitter_card":"summary_large_image","twitter_misc":{"Gesch\u00e4tzte Lesezeit":"1\u00a0Minute"},"schema":{"@context":"https:\/\/schema.org","@graph":[{"@type":"WebPage","@id":"https:\/\/beta.flexfurn.com\/product\/transportkar-crossback-ronda-louis\/","url":"https:\/\/beta.flexfurn.com\/product\/transportkar-crossback-ronda-louis\/","name":"Transportkar Crossback, Ronda & Louis - Flexfurn","isPartOf":{"@id":"https:\/\/beta.flexfurn.com\/#website"},"datePublished":"2024-01-04T13:47:20+00:00","dateModified":"2024-01-05T08:06:34+00:00","breadcrumb":{"@id":"https:\/\/beta.flexfurn.com\/product\/transportkar-crossback-ronda-louis\/#breadcrumb"},"inLanguage":"de","potentialAction":[{"@type":"ReadAction","target":["https:\/\/beta.flexfurn.com\/product\/transportkar-crossback-ronda-louis\/"]}]},{"@type":"BreadcrumbList","@id":"https:\/\/beta.flexfurn.com\/product\/transportkar-crossback-ronda-louis\/#breadcrumb","itemListElement":[{"@type":"ListItem","position":1,"name":"Home","item":"https:\/\/beta.flexfurn.com\/"},{"@type":"ListItem","position":2,"name":"Winkel","item":"https:\/\/beta.flexfurn.com\/winkel\/"},{"@type":"ListItem","position":3,"name":"Transportkar Crossback, Ronda &#038; Louis"}]},{"@type":"WebSite","@id":"https:\/\/beta.flexfurn.com\/#website","url":"https:\/\/beta.flexfurn.com\/","name":"Flexfurn","description":"","publisher":{"@id":"https:\/\/beta.flexfurn.com\/#organization"},"potentialAction":[{"@type":"SearchAction","target":{"@type":"EntryPoint","urlTemplate":"https:\/\/beta.flexfurn.com\/?s={search_term_string}"},"query-input":"required name=search_term_string"}],"inLanguage":"de"},{"@type":"Organization","@id":"https:\/\/beta.flexfurn.com\/#organization","name":"Flexfurn","url":"https:\/\/beta.flexfurn.com\/","logo":{"@type":"ImageObject","inLanguage":"de","@id":"https:\/\/beta.flexfurn.com\/#\/schema\/logo\/image\/","url":"https:\/\/beta.flexfurn.com\/wp-content\/uploads\/2023\/08\/LogoBlack.svg","contentUrl":"https:\/\/beta.flexfurn.com\/wp-content\/uploads\/2023\/08\/LogoBlack.svg","width":210,"height":60,"caption":"Flexfurn"},"image":{"@id":"https:\/\/beta.flexfurn.com\/#\/schema\/logo\/image\/"}}]}},"_links":{"self":[{"href":"https:\/\/beta.flexfurn.com\/de\/wp-json\/wp\/v2\/product\/3914","targetHints":{"allow":["GET"]}}],"collection":[{"href":"https:\/\/beta.flexfurn.com\/de\/wp-json\/wp\/v2\/product"}],"about":[{"href":"https:\/\/beta.flexfurn.com\/de\/wp-json\/wp\/v2\/types\/product"}],"replies":[{"embeddable":true,"href":"https:\/\/beta.flexfurn.com\/de\/wp-json\/wp\/v2\/comments?post=3914"}],"wp:featuredmedia":[{"embeddable":true,"href":"https:\/\/beta.flexfurn.com\/de\/wp-json\/wp\/v2\/media\/3916"}],"wp:attachment":[{"href":"https:\/\/beta.flexfurn.com\/de\/wp-json\/wp\/v2\/media?parent=3914"}],"wp:term":[{"taxonomy":"product_cat","embeddable":true,"href":"https:\/\/beta.flexfurn.com\/de\/wp-json\/wp\/v2\/product_cat?post=3914"},{"taxonomy":"product_tag","embeddable":true,"href":"https:\/\/beta.flexfurn.com\/de\/wp-json\/wp\/v2\/product_tag?post=3914"}],"curies":[{"name":"wp","href":"https:\/\/api.w.org\/{rel}","templated":true}]}}