{"id":514,"date":"2023-10-18T08:07:42","date_gmt":"2023-10-18T06:07:42","guid":{"rendered":"https:\/\/beta.flexfurn.com\/product\/ronda-stapelstoel-rotan\/"},"modified":"2024-01-02T16:32:46","modified_gmt":"2024-01-02T15:32:46","slug":"ronda-stapelstoel","status":"publish","type":"product","link":"https:\/\/beta.flexfurn.com\/de\/product\/ronda-stapelstoel\/","title":{"rendered":"Ronda Stapelstuhl"},"content":{"rendered":"<p>Der RONDA STACKING CHAIR ist der ideale Gastronomiestuhl, da Sie die Innenausstattung durch austauschbare Sitzkissen ganz an Ihre Vorlieben anpassen k\u00f6nnen. Mit einem Gewicht von nur 4,6 kg ist dieser Holzstuhl leicht, aber dennoch hochwertig. Der Ronda ist mit einem nat\u00fcrlichen Rattan- oder Samtsitz erh\u00e4ltlich. Die Samtsitze sind in den Farben Gold, Gr\u00fcn, Pink, Creme und Schwarz erh\u00e4ltlich. Diese Samtsitze sind wasserabweisend und feuerhemmend.<\/p>","protected":false},"excerpt":{"rendered":"<p>De RONDA STAPELSTOEL is de ideale horecastoel omdat je met verwisselbare zitkussens het interieur volledig kunt aanpassen aan je voorkeuren. Met een gewicht van slechts 4,6 kg is hij een&#8230;<\/p>","protected":false},"featured_media":2121,"comment_status":"open","ping_status":"closed","template":"","meta":[],"product_cat":[66],"product_tag":[],"class_list":{"0":"post-514","1":"product","2":"type-product","3":"status-publish","4":"has-post-thumbnail","6":"product_cat-stapelstoel","8":"first","9":"instock","10":"taxable","11":"shipping-taxable","12":"purchasable","13":"product-type-variable"},"yoast_head":"<!-- This site is optimized with the Yoast SEO plugin v21.7 - https:\/\/yoast.com\/wordpress\/plugins\/seo\/ -->\n<title>Ronda stapelstoel - Flexfurn<\/title>\n<meta name=\"robots\" content=\"index, follow, max-snippet:-1, max-image-preview:large, max-video-preview:-1\" \/>\n<link rel=\"canonical\" href=\"https:\/\/beta.flexfurn.com\/de\/produkt\/ronda-stapelstoel\/\" \/>\n<meta property=\"og:locale\" content=\"de_DE\" \/>\n<meta property=\"og:type\" content=\"article\" \/>\n<meta property=\"og:title\" content=\"Ronda stapelstoel - Flexfurn\" \/>\n<meta property=\"og:description\" content=\"De RONDA STAPELSTOEL is de ideale horecastoel omdat je met verwisselbare zitkussens het interieur volledig kunt aanpassen aan je voorkeuren. Met een gewicht van slechts 4,6 kg is hij een...\" \/>\n<meta property=\"og:url\" content=\"https:\/\/beta.flexfurn.com\/de\/produkt\/ronda-stapelstoel\/\" \/>\n<meta property=\"og:site_name\" content=\"Flexfurn\" \/>\n<meta property=\"article:modified_time\" content=\"2024-01-02T15:32:46+00:00\" \/>\n<meta property=\"og:image\" content=\"https:\/\/beta.flexfurn.com\/wp-content\/uploads\/2023\/12\/6d618144bd134d569313f61f3efef771e2e176b0563e4af0ac6cb4fd72e4f56460a76dce8d8746eca041049132ead1eb.jpg\" \/>\n\t<meta property=\"og:image:width\" content=\"2000\" \/>\n\t<meta property=\"og:image:height\" content=\"2000\" \/>\n\t<meta property=\"og:image:type\" content=\"image\/jpeg\" \/>\n<meta name=\"twitter:card\" content=\"summary_large_image\" \/>\n<meta name=\"twitter:label1\" content=\"Gesch\u00e4tzte Lesezeit\" \/>\n\t<meta name=\"twitter:data1\" content=\"1\u00a0Minute\" \/>\n<script type=\"application\/ld+json\" class=\"yoast-schema-graph\">{\"@context\":\"https:\/\/schema.org\",\"@graph\":[{\"@type\":\"WebPage\",\"@id\":\"https:\/\/beta.flexfurn.com\/product\/ronda-stapelstoel\/\",\"url\":\"https:\/\/beta.flexfurn.com\/product\/ronda-stapelstoel\/\",\"name\":\"Ronda stapelstoel - Flexfurn\",\"isPartOf\":{\"@id\":\"https:\/\/beta.flexfurn.com\/#website\"},\"datePublished\":\"2023-10-18T06:07:42+00:00\",\"dateModified\":\"2024-01-02T15:32:46+00:00\",\"breadcrumb\":{\"@id\":\"https:\/\/beta.flexfurn.com\/product\/ronda-stapelstoel\/#breadcrumb\"},\"inLanguage\":\"de\",\"potentialAction\":[{\"@type\":\"ReadAction\",\"target\":[\"https:\/\/beta.flexfurn.com\/product\/ronda-stapelstoel\/\"]}]},{\"@type\":\"BreadcrumbList\",\"@id\":\"https:\/\/beta.flexfurn.com\/product\/ronda-stapelstoel\/#breadcrumb\",\"itemListElement\":[{\"@type\":\"ListItem\",\"position\":1,\"name\":\"Home\",\"item\":\"https:\/\/beta.flexfurn.com\/\"},{\"@type\":\"ListItem\",\"position\":2,\"name\":\"Winkel\",\"item\":\"https:\/\/beta.flexfurn.com\/winkel\/\"},{\"@type\":\"ListItem\",\"position\":3,\"name\":\"Ronda stapelstoel\"}]},{\"@type\":\"WebSite\",\"@id\":\"https:\/\/beta.flexfurn.com\/#website\",\"url\":\"https:\/\/beta.flexfurn.com\/\",\"name\":\"Flexfurn\",\"description\":\"\",\"publisher\":{\"@id\":\"https:\/\/beta.flexfurn.com\/#organization\"},\"potentialAction\":[{\"@type\":\"SearchAction\",\"target\":{\"@type\":\"EntryPoint\",\"urlTemplate\":\"https:\/\/beta.flexfurn.com\/?s={search_term_string}\"},\"query-input\":\"required name=search_term_string\"}],\"inLanguage\":\"de\"},{\"@type\":\"Organization\",\"@id\":\"https:\/\/beta.flexfurn.com\/#organization\",\"name\":\"Flexfurn\",\"url\":\"https:\/\/beta.flexfurn.com\/\",\"logo\":{\"@type\":\"ImageObject\",\"inLanguage\":\"de\",\"@id\":\"https:\/\/beta.flexfurn.com\/#\/schema\/logo\/image\/\",\"url\":\"https:\/\/beta.flexfurn.com\/wp-content\/uploads\/2023\/08\/LogoBlack.svg\",\"contentUrl\":\"https:\/\/beta.flexfurn.com\/wp-content\/uploads\/2023\/08\/LogoBlack.svg\",\"width\":210,\"height\":60,\"caption\":\"Flexfurn\"},\"image\":{\"@id\":\"https:\/\/beta.flexfurn.com\/#\/schema\/logo\/image\/\"}}]}<\/script>\n<!-- \/ Yoast SEO plugin. -->","yoast_head_json":{"title":"Ronda stapelstoel - Flexfurn","robots":{"index":"index","follow":"follow","max-snippet":"max-snippet:-1","max-image-preview":"max-image-preview:large","max-video-preview":"max-video-preview:-1"},"canonical":"https:\/\/beta.flexfurn.com\/de\/produkt\/ronda-stapelstoel\/","og_locale":"de_DE","og_type":"article","og_title":"Ronda stapelstoel - Flexfurn","og_description":"De RONDA STAPELSTOEL is de ideale horecastoel omdat je met verwisselbare zitkussens het interieur volledig kunt aanpassen aan je voorkeuren. Met een gewicht van slechts 4,6 kg is hij een...","og_url":"https:\/\/beta.flexfurn.com\/de\/produkt\/ronda-stapelstoel\/","og_site_name":"Flexfurn","article_modified_time":"2024-01-02T15:32:46+00:00","og_image":[{"width":2000,"height":2000,"url":"https:\/\/beta.flexfurn.com\/wp-content\/uploads\/2023\/12\/6d618144bd134d569313f61f3efef771e2e176b0563e4af0ac6cb4fd72e4f56460a76dce8d8746eca041049132ead1eb.jpg","type":"image\/jpeg"}],"twitter_card":"summary_large_image","twitter_misc":{"Gesch\u00e4tzte Lesezeit":"1\u00a0Minute"},"schema":{"@context":"https:\/\/schema.org","@graph":[{"@type":"WebPage","@id":"https:\/\/beta.flexfurn.com\/product\/ronda-stapelstoel\/","url":"https:\/\/beta.flexfurn.com\/product\/ronda-stapelstoel\/","name":"Ronda stapelstoel - Flexfurn","isPartOf":{"@id":"https:\/\/beta.flexfurn.com\/#website"},"datePublished":"2023-10-18T06:07:42+00:00","dateModified":"2024-01-02T15:32:46+00:00","breadcrumb":{"@id":"https:\/\/beta.flexfurn.com\/product\/ronda-stapelstoel\/#breadcrumb"},"inLanguage":"de","potentialAction":[{"@type":"ReadAction","target":["https:\/\/beta.flexfurn.com\/product\/ronda-stapelstoel\/"]}]},{"@type":"BreadcrumbList","@id":"https:\/\/beta.flexfurn.com\/product\/ronda-stapelstoel\/#breadcrumb","itemListElement":[{"@type":"ListItem","position":1,"name":"Home","item":"https:\/\/beta.flexfurn.com\/"},{"@type":"ListItem","position":2,"name":"Winkel","item":"https:\/\/beta.flexfurn.com\/winkel\/"},{"@type":"ListItem","position":3,"name":"Ronda stapelstoel"}]},{"@type":"WebSite","@id":"https:\/\/beta.flexfurn.com\/#website","url":"https:\/\/beta.flexfurn.com\/","name":"Flexfurn","description":"","publisher":{"@id":"https:\/\/beta.flexfurn.com\/#organization"},"potentialAction":[{"@type":"SearchAction","target":{"@type":"EntryPoint","urlTemplate":"https:\/\/beta.flexfurn.com\/?s={search_term_string}"},"query-input":"required name=search_term_string"}],"inLanguage":"de"},{"@type":"Organization","@id":"https:\/\/beta.flexfurn.com\/#organization","name":"Flexfurn","url":"https:\/\/beta.flexfurn.com\/","logo":{"@type":"ImageObject","inLanguage":"de","@id":"https:\/\/beta.flexfurn.com\/#\/schema\/logo\/image\/","url":"https:\/\/beta.flexfurn.com\/wp-content\/uploads\/2023\/08\/LogoBlack.svg","contentUrl":"https:\/\/beta.flexfurn.com\/wp-content\/uploads\/2023\/08\/LogoBlack.svg","width":210,"height":60,"caption":"Flexfurn"},"image":{"@id":"https:\/\/beta.flexfurn.com\/#\/schema\/logo\/image\/"}}]}},"_links":{"self":[{"href":"https:\/\/beta.flexfurn.com\/de\/wp-json\/wp\/v2\/product\/514","targetHints":{"allow":["GET"]}}],"collection":[{"href":"https:\/\/beta.flexfurn.com\/de\/wp-json\/wp\/v2\/product"}],"about":[{"href":"https:\/\/beta.flexfurn.com\/de\/wp-json\/wp\/v2\/types\/product"}],"replies":[{"embeddable":true,"href":"https:\/\/beta.flexfurn.com\/de\/wp-json\/wp\/v2\/comments?post=514"}],"wp:featuredmedia":[{"embeddable":true,"href":"https:\/\/beta.flexfurn.com\/de\/wp-json\/wp\/v2\/media\/2121"}],"wp:attachment":[{"href":"https:\/\/beta.flexfurn.com\/de\/wp-json\/wp\/v2\/media?parent=514"}],"wp:term":[{"taxonomy":"product_cat","embeddable":true,"href":"https:\/\/beta.flexfurn.com\/de\/wp-json\/wp\/v2\/product_cat?post=514"},{"taxonomy":"product_tag","embeddable":true,"href":"https:\/\/beta.flexfurn.com\/de\/wp-json\/wp\/v2\/product_tag?post=514"}],"curies":[{"name":"wp","href":"https:\/\/api.w.org\/{rel}","templated":true}]}}