{"id":1921,"date":"2023-12-21T09:20:07","date_gmt":"2023-12-21T08:20:07","guid":{"rendered":"https:\/\/beta.flexfurn.com\/?page_id=1921"},"modified":"2023-12-22T12:51:02","modified_gmt":"2023-12-22T11:51:02","slug":"openhousedays2024","status":"publish","type":"page","link":"https:\/\/beta.flexfurn.com\/fr\/openhousedays2024\/","title":{"rendered":"Journ\u00e9es portes ouvertes 2024"},"content":{"rendered":"<div id=\"fws_69fe40d285b90\"  data-column-margin=\"none\" data-midnight=\"custom\" data-top-percent=\"14%\" data-bottom-percent=\"12%\"  class=\"wpb_row vc_row-fluid vc_row full-width-content vc_row-o-equal-height vc_row-flex vc_row-o-content-top parallax_section right_padding_5pct left_padding_5pct top_padding_tablet_30pct top_padding_phone_40pct bottom_padding_tablet_30pct bottom_padding_phone_40pct\"  style=\"padding-top: calc(100vw * 0.14); padding-bottom: calc(100vw * 0.12); \"><div class=\"row-bg-wrap\" data-bg-animation=\"zoom-out\" data-bg-animation-delay=\"\" data-bg-overlay=\"true\"><div class=\"inner-wrap row-bg-layer using-image\" ><div class=\"row-bg viewport-desktop using-image\" data-parallax-speed=\"fast\" style=\"background-image: url(https:\/\/beta.flexfurn.com\/wp-content\/uploads\/2023\/12\/Invitation-1.jpg); background-position: center top; background-repeat: no-repeat; \"><\/div><\/div><div class=\"row-bg-overlay row-bg-layer\" style=\"background: #000000; background: linear-gradient(to bottom,#000000 0%,rgba(0,0,0,0.01) 100%);  opacity: 0.5; \"><\/div><\/div><div class=\"row_col_wrap_12 col span_12 custom left\">\n\t<div  class=\"vc_col-sm-12 wpb_column column_container vc_column_container col no-extra-padding force-phone-text-align-left el_spacing_0px inherit_tablet inherit_phone\"  data-padding-pos=\"all\" data-has-bg-color=\"false\" data-bg-color=\"\" data-bg-opacity=\"1\" data-animation=\"\" data-delay=\"0\" >\n\t\t<div class=\"vc_column-inner\" >\n\t\t\t<div class=\"wpb_wrapper\">\n\t\t\t\t<div id=\"fws_69fe40d286122\" data-midnight=\"\" data-column-margin=\"default\" class=\"wpb_row vc_row-fluid vc_row inner_row\"  style=\" z-index: 20;\"><div class=\"row-bg-wrap\"> <div class=\"row-bg\" ><\/div> <\/div><div class=\"row_col_wrap_12_inner col span_12  left\">\n\t<div style=\" color: #ffffff;\" class=\"vc_col-sm-12 wpb_column column_container vc_column_container col child_column has-animation no-extra-padding el_spacing_0px inherit_tablet inherit_phone\" data-cfc=\"true\"  data-padding-pos=\"all\" data-has-bg-color=\"false\" data-bg-color=\"\" data-bg-opacity=\"1\" data-animation=\"fade-in-from-bottom\" data-delay=\"650\" >\n\t\t<div class=\"vc_column-inner\" >\n\t\t<div class=\"wpb_wrapper\">\n\t\t\t<div class=\"divider-wrap\" data-alignment=\"default\"><div style=\"height: 40px;\" class=\"divider\"><\/div><\/div><div class=\"nectar-cta hooked alignment_tablet_default alignment_phone_default display_tablet_inherit display_phone_inherit\" data-color=\"accent-color\" data-using-bg=\"true\" data-style=\"basic\" data-display=\"block\" data-alignment=\"center\" data-text-color=\"custom\" style=\"margin-top: 30px; margin-bottom: 20px; \"><span style=\"color: #ffffff;\" class=\"nectar-button-type\"><span class=\"link_wrap\" style=\"padding-top: 15px; padding-right: 25px; padding-bottom: 15px; padding-left: 25px;\"><a target=\"_blank\" class=\"link_text\" role=\"button\" href=\"#registreer\"><span class=\"text\">Inscrivez-vous ici<\/span><\/a><\/span><\/span><\/div>\n\t\t<\/div> \n\t<\/div>\n\t<\/div> \n<\/div><\/div>\n\t\t\t<\/div> \n\t\t<\/div>\n\t<\/div> \n<\/div><\/div>\n\t\t<div id=\"fws_69fe40d2868e0\"  data-column-margin=\"default\" data-midnight=\"dark\"  class=\"wpb_row vc_row-fluid vc_row\"  style=\"padding-top: 0px; padding-bottom: 0px; \"><div class=\"row-bg-wrap\" data-bg-animation=\"none\" data-bg-animation-delay=\"\" data-bg-overlay=\"false\"><div class=\"inner-wrap row-bg-layer\" ><div class=\"row-bg viewport-desktop\"  style=\"\"><\/div><\/div><\/div><div class=\"row_col_wrap_12 col span_12 dark left\">\n\t<div  class=\"vc_col-sm-12 wpb_column column_container vc_column_container col no-extra-padding inherit_tablet inherit_phone\"  data-padding-pos=\"all\" data-has-bg-color=\"false\" data-bg-color=\"\" data-bg-opacity=\"1\" data-animation=\"\" data-delay=\"0\" >\n\t\t<div class=\"vc_column-inner\" >\n\t\t\t<div class=\"wpb_wrapper\">\n\t\t\t\t<div class=\"divider-wrap\" data-alignment=\"default\"><div style=\"height: 40px;\" class=\"divider\"><\/div><\/div>\n\t\t\t<\/div> \n\t\t<\/div>\n\t<\/div> \n<\/div><\/div>\n\t\t<div id=\"fws_69fe40d286e04\"  data-column-margin=\"default\" data-midnight=\"dark\"  class=\"wpb_row vc_row-fluid vc_row\"  style=\"padding-top: 0px; padding-bottom: 0px; \"><div class=\"row-bg-wrap\" data-bg-animation=\"none\" data-bg-animation-delay=\"\" data-bg-overlay=\"false\"><div class=\"inner-wrap row-bg-layer\" ><div class=\"row-bg viewport-desktop\"  style=\"\"><\/div><\/div><\/div><div class=\"row_col_wrap_12 col span_12 dark left\">\n\t<div  class=\"vc_col-sm-6 wpb_column column_container vc_column_container col no-extra-padding inherit_tablet inherit_phone\"  data-padding-pos=\"all\" data-has-bg-color=\"false\" data-bg-color=\"\" data-bg-opacity=\"1\" data-animation=\"\" data-delay=\"0\" >\n\t\t<div class=\"vc_column-inner\" >\n\t\t\t<div class=\"wpb_wrapper\">\n\t\t\t\t\n<div class=\"wpb_text_column wpb_content_element\" >\n\t<div class=\"wpb_wrapper\">\n\t\t<p>\u00c0 quoi pouvez-vous vous attendre lors de nos journ\u00e9es portes ouvertes\u00a0:<\/p>\n<p><strong>D\u00e9mos interactives<\/strong>: Plongez dans des d\u00e9monstrations pratiques pr\u00e9sentant nos derni\u00e8res innovations.<br \/>\n<strong>Rencontrer l&#039;\u00e9quipe<\/strong>: Connectez-vous avec les esprits brillants qui stimulent l&#039;innovation chez Flexfurn.<br \/>\n<strong>Des informations exclusives<\/strong>: Obtenez des connaissances privil\u00e9gi\u00e9es sur nos projets \u00e0 venir et nos efforts futurs.<br \/>\n<strong>La mise en r\u00e9seau<\/strong>: \u00c9tablissez des liens significatifs avec des experts de l\u2019industrie et d\u2019autres passionn\u00e9s.<\/p>\n<p>Marquez votre calendrier, faites passer le message et pr\u00e9parez-vous \u00e0 d\u00e9couvrir Flexfurn\u00a0! \u2728<\/p>\n<p>\ud83d\udcc5Dates : 4-7 | 18-21 f\u00e9vrier 2024<br \/>\n\ud83d\udccd Lieu : Essenschotstraat 5A, 3980 Tessenderlo<\/p>\n\t<\/div>\n<\/div>\n\n\n\n<div class=\"divider-wrap\" data-alignment=\"default\"><div style=\"height: 5px;\" class=\"divider\"><\/div><\/div>\n\t\t\t<\/div> \n\t\t<\/div>\n\t<\/div> \n\n\t<div  class=\"vc_col-sm-6 wpb_column column_container vc_column_container col no-extra-padding inherit_tablet inherit_phone\"  data-padding-pos=\"all\" data-has-bg-color=\"false\" data-bg-color=\"\" data-bg-opacity=\"1\" data-animation=\"\" data-delay=\"0\" >\n\t\t<div class=\"vc_column-inner\" >\n\t\t\t<div class=\"wpb_wrapper\">\n\t\t\t\t<div class=\"img-with-aniamtion-wrap center custom-size\" data-max-width=\"100%\" data-max-width-mobile=\"default\" data-shadow=\"none\" data-animation=\"none\" >\n      <div class=\"inner\">\n        <div class=\"hover-wrap\"> \n          <div class=\"hover-wrap-inner\">\n            <img loading=\"lazy\" decoding=\"async\" class=\"img-with-animation skip-lazy\" data-delay=\"0\" height=\"683\" width=\"1024\" data-animation=\"none\" src=\"https:\/\/beta.flexfurn.com\/wp-content\/uploads\/2023\/12\/FlxFrn-149-1024x683.jpg\" alt=\"\" srcset=\"https:\/\/beta.flexfurn.com\/wp-content\/uploads\/2023\/12\/FlxFrn-149-1024x683.jpg 1024w, https:\/\/beta.flexfurn.com\/wp-content\/uploads\/2023\/12\/FlxFrn-149-1000x667.jpg 1000w, https:\/\/beta.flexfurn.com\/wp-content\/uploads\/2023\/12\/FlxFrn-149-300x200.jpg 300w, https:\/\/beta.flexfurn.com\/wp-content\/uploads\/2023\/12\/FlxFrn-149-768x512.jpg 768w, https:\/\/beta.flexfurn.com\/wp-content\/uploads\/2023\/12\/FlxFrn-149-1536x1025.jpg 1536w, https:\/\/beta.flexfurn.com\/wp-content\/uploads\/2023\/12\/FlxFrn-149-18x12.jpg 18w, https:\/\/beta.flexfurn.com\/wp-content\/uploads\/2023\/12\/FlxFrn-149-900x600.jpg 900w, https:\/\/beta.flexfurn.com\/wp-content\/uploads\/2023\/12\/FlxFrn-149.jpg 1542w\" sizes=\"auto, (max-width: 1024px) 100vw, 1024px\" \/>\n          <\/div>\n        <\/div>\n      <\/div>\n    <\/div>\n\t\t\t<\/div> \n\t\t<\/div>\n\t<\/div> \n<\/div><\/div>\n\t\t<div id=\"registreer\"  data-column-margin=\"default\" data-midnight=\"dark\"  class=\"wpb_row vc_row-fluid vc_row full-width-content vc_row-o-equal-height vc_row-flex vc_row-o-content-top\"  style=\"padding-top: 0px; padding-bottom: 0px; \"><div class=\"row-bg-wrap\" data-bg-animation=\"none\" data-bg-animation-delay=\"\" data-bg-overlay=\"false\"><div class=\"inner-wrap row-bg-layer\" ><div class=\"row-bg viewport-desktop\"  style=\"\"><\/div><\/div><\/div><div class=\"row_col_wrap_12 col span_12 dark left\">\n\t<div  class=\"vc_col-sm-12 wpb_column column_container vc_column_container col no-extra-padding inherit_tablet inherit_phone\"  data-padding-pos=\"all\" data-has-bg-color=\"false\" data-bg-color=\"\" data-bg-opacity=\"1\" data-animation=\"\" data-delay=\"0\" >\n\t\t<div class=\"vc_column-inner\" >\n\t\t\t<div class=\"wpb_wrapper\">\n\t\t\t\t\n\t<div class=\"wpb_raw_code wpb_content_element wpb_raw_html\" >\n\t\t<div class=\"wpb_wrapper\">\n\t\t\t<iframe loading=\"lazy\" src=\"https:\/\/forms.zohopublic.eu\/flexfurncorporate\/form\/OpenHouseDays2024\/formperma\/6pY_GlQ2BtWzQVyTkYC73n4twt2t1TGFAiwIijXj6sY\" style=\"border:0px #ffffff none;\" name=\"myiFrame\" scrolling=\"no\" frameborder=\"0\" marginheight=\"0px\" marginwidth=\"0px\" height=\"1500px\" width=\"100%\" allowfullscreen><\/iframe>\n\t\t<\/div>\n\t<\/div>\n\n\t\t\t<\/div> \n\t\t<\/div>\n\t<\/div> \n<\/div><\/div>\n\t\t<div id=\"fws_69fe40d288038\"  data-column-margin=\"default\" data-midnight=\"light\" data-top-percent=\"2%\" data-bottom-percent=\"2%\"  class=\"wpb_row vc_row-fluid vc_row full-width-content vc_row-o-equal-height vc_row-flex vc_row-o-content-top  right_padding_5pct left_padding_5pct\"  style=\"padding-top: calc(100vw * 0.02); padding-bottom: calc(100vw * 0.02); \"><div class=\"row-bg-wrap\" data-bg-animation=\"none\" data-bg-animation-delay=\"\" data-bg-overlay=\"false\"><div class=\"inner-wrap row-bg-layer\" ><div class=\"row-bg viewport-desktop using-bg-color\"  style=\"background-color: #c7b370; \"><\/div><\/div><\/div><div class=\"row_col_wrap_12 col span_12 light center\">\n\t<div  class=\"vc_col-sm-12 wpb_column column_container vc_column_container col no-extra-padding inherit_tablet inherit_phone\"  data-padding-pos=\"all\" data-has-bg-color=\"false\" data-bg-color=\"\" data-bg-opacity=\"1\" data-animation=\"\" data-delay=\"0\" >\n\t\t<div class=\"vc_column-inner\" >\n\t\t\t<div class=\"wpb_wrapper\">\n\t\t\t\t<div class=\"owl-carousel\" data-enable-animation=\"true\" data-loop=\"false\"  data-animation-delay=\"0\" data-autorotate=\"true\" data-autorotation-speed=\"5000\" data-column-padding=\"30px\" data-desktop-cols=\"3\" data-desktop-small-cols=\"3\" data-tablet-cols=\"2\" data-mobile-cols=\"1\"><div class=\"carousel-item\">\n<div class=\"wpb_text_column wpb_content_element  wpb_animate_when_almost_visible wpb_fadeInUp fadeInUp vc_custom_1702632460940\" >\n\t<div class=\"wpb_wrapper\">\n\t\t<h4>Empilable<\/h4>\n\t<\/div>\n<\/div>\n\n\n\n\n<div class=\"wpb_text_column wpb_content_element\" style=\" max-width: 960px; display: inline-block;\">\n\t<div class=\"wpb_wrapper\">\n\t\t<p>Experts en mati\u00e8re de confort, de style et de fonctionnalit\u00e9 d&#039;empilage. Nos meubles empilables sont comme un bon ch\u00e2teau de cartes, mais qui ne s&#039;effondre jamais. \u00c0 moins que vous ne regardiez les limites d\u2019empilement bien s\u00fbr.<\/p>\n\t<\/div>\n<\/div>\n\n\n\n<\/div><div class=\"carousel-item\">\n<div class=\"wpb_text_column wpb_content_element  wpb_animate_when_almost_visible wpb_fadeInUp fadeInUp vc_custom_1702632562940\" >\n\t<div class=\"wpb_wrapper\">\n\t\t<h4>Pliable<\/h4>\n\t<\/div>\n<\/div>\n\n\n\n\n<div class=\"wpb_text_column wpb_content_element\" style=\" max-width: 960px; display: inline-block;\">\n\t<div class=\"wpb_wrapper\">\n\t\t<p>Nos meubles pliants sont comme les Houdini du monde du meuble. Ils s&#039;ouvrent en un instant et se transforment en meubles \u00e0 part enti\u00e8re, \u00e9l\u00e9gants et modulables.<\/p>\n\t<\/div>\n<\/div>\n\n\n\n<\/div><div class=\"carousel-item\">\n<div class=\"wpb_text_column wpb_content_element  wpb_animate_when_almost_visible wpb_fadeInUp fadeInUp vc_custom_1702632624667\" >\n\t<div class=\"wpb_wrapper\">\n\t\t<h4>Embo\u00eetable<\/h4>\n\t<\/div>\n<\/div>\n\n\n\n\n<div class=\"wpb_text_column wpb_content_element\" style=\" max-width: 960px; display: inline-block;\">\n\t<div class=\"wpb_wrapper\">\n\t\t<p>Nos meubles embo\u00eetables sont comme les couteaux suisses du monde du meuble. Ils s&#039;embo\u00eetent parfaitement pour un rangement compact, puis se d\u00e9plient sans effort pour offrir des fonctionnalit\u00e9s.<\/p>\n\t<\/div>\n<\/div>\n\n\n\n<\/div><\/div>\n\t\t\t<\/div> \n\t\t<\/div>\n\t<\/div> \n<\/div><\/div>","protected":false},"excerpt":{"rendered":"registreer hier Wat kunt u verwachten op onze Open House Days: Interactieve demo's: Dompel jezelf onder in hands-on demonstraties waarin onze nieuwste innovaties worden getoond. Maak kennis met het team:...","protected":false},"author":2,"featured_media":1937,"parent":0,"menu_order":0,"comment_status":"closed","ping_status":"closed","template":"","meta":{"footnotes":""},"class_list":["post-1921","page","type-page","status-publish","has-post-thumbnail"],"yoast_head":"<!-- This site is optimized with the Yoast SEO plugin v21.7 - https:\/\/yoast.com\/wordpress\/plugins\/seo\/ -->\n<title>Open House Days 2024 - Flexfurn<\/title>\n<meta name=\"robots\" content=\"index, follow, max-snippet:-1, max-image-preview:large, max-video-preview:-1\" \/>\n<link rel=\"canonical\" href=\"https:\/\/beta.flexfurn.com\/fr\/openhousedays2024\/\" \/>\n<meta property=\"og:locale\" content=\"fr_FR\" \/>\n<meta property=\"og:type\" content=\"article\" \/>\n<meta property=\"og:title\" content=\"Open House Days 2024 - Flexfurn\" \/>\n<meta property=\"og:url\" content=\"https:\/\/beta.flexfurn.com\/fr\/openhousedays2024\/\" \/>\n<meta property=\"og:site_name\" content=\"Flexfurn\" \/>\n<meta property=\"article:modified_time\" content=\"2023-12-22T11:51:02+00:00\" \/>\n<meta property=\"og:image\" content=\"https:\/\/beta.flexfurn.com\/wp-content\/uploads\/2023\/12\/FlxFrn-149.jpg\" \/>\n\t<meta property=\"og:image:width\" content=\"1542\" \/>\n\t<meta property=\"og:image:height\" content=\"1029\" \/>\n\t<meta property=\"og:image:type\" content=\"image\/jpeg\" \/>\n<meta name=\"twitter:card\" content=\"summary_large_image\" \/>\n<meta name=\"twitter:label1\" content=\"Dur\u00e9e de lecture est.\" \/>\n\t<meta name=\"twitter:data1\" content=\"4 minutes\" \/>\n<script type=\"application\/ld+json\" class=\"yoast-schema-graph\">{\"@context\":\"https:\/\/schema.org\",\"@graph\":[{\"@type\":\"WebPage\",\"@id\":\"https:\/\/beta.flexfurn.com\/openhousedays2024\/\",\"url\":\"https:\/\/beta.flexfurn.com\/openhousedays2024\/\",\"name\":\"Open House Days 2024 - Flexfurn\",\"isPartOf\":{\"@id\":\"https:\/\/beta.flexfurn.com\/#website\"},\"datePublished\":\"2023-12-21T08:20:07+00:00\",\"dateModified\":\"2023-12-22T11:51:02+00:00\",\"breadcrumb\":{\"@id\":\"https:\/\/beta.flexfurn.com\/openhousedays2024\/#breadcrumb\"},\"inLanguage\":\"fr-BE\",\"potentialAction\":[{\"@type\":\"ReadAction\",\"target\":[\"https:\/\/beta.flexfurn.com\/openhousedays2024\/\"]}]},{\"@type\":\"BreadcrumbList\",\"@id\":\"https:\/\/beta.flexfurn.com\/openhousedays2024\/#breadcrumb\",\"itemListElement\":[{\"@type\":\"ListItem\",\"position\":1,\"name\":\"Home\",\"item\":\"https:\/\/beta.flexfurn.com\/\"},{\"@type\":\"ListItem\",\"position\":2,\"name\":\"Open House Days 2024\"}]},{\"@type\":\"WebSite\",\"@id\":\"https:\/\/beta.flexfurn.com\/#website\",\"url\":\"https:\/\/beta.flexfurn.com\/\",\"name\":\"Flexfurn\",\"description\":\"\",\"publisher\":{\"@id\":\"https:\/\/beta.flexfurn.com\/#organization\"},\"potentialAction\":[{\"@type\":\"SearchAction\",\"target\":{\"@type\":\"EntryPoint\",\"urlTemplate\":\"https:\/\/beta.flexfurn.com\/?s={search_term_string}\"},\"query-input\":\"required name=search_term_string\"}],\"inLanguage\":\"fr-BE\"},{\"@type\":\"Organization\",\"@id\":\"https:\/\/beta.flexfurn.com\/#organization\",\"name\":\"Flexfurn\",\"url\":\"https:\/\/beta.flexfurn.com\/\",\"logo\":{\"@type\":\"ImageObject\",\"inLanguage\":\"fr-BE\",\"@id\":\"https:\/\/beta.flexfurn.com\/#\/schema\/logo\/image\/\",\"url\":\"https:\/\/beta.flexfurn.com\/wp-content\/uploads\/2023\/08\/LogoBlack.svg\",\"contentUrl\":\"https:\/\/beta.flexfurn.com\/wp-content\/uploads\/2023\/08\/LogoBlack.svg\",\"width\":210,\"height\":60,\"caption\":\"Flexfurn\"},\"image\":{\"@id\":\"https:\/\/beta.flexfurn.com\/#\/schema\/logo\/image\/\"}}]}<\/script>\n<!-- \/ Yoast SEO plugin. -->","yoast_head_json":{"title":"Open House Days 2024 - Flexfurn","robots":{"index":"index","follow":"follow","max-snippet":"max-snippet:-1","max-image-preview":"max-image-preview:large","max-video-preview":"max-video-preview:-1"},"canonical":"https:\/\/beta.flexfurn.com\/fr\/openhousedays2024\/","og_locale":"fr_FR","og_type":"article","og_title":"Open House Days 2024 - Flexfurn","og_url":"https:\/\/beta.flexfurn.com\/fr\/openhousedays2024\/","og_site_name":"Flexfurn","article_modified_time":"2023-12-22T11:51:02+00:00","og_image":[{"width":1542,"height":1029,"url":"https:\/\/beta.flexfurn.com\/wp-content\/uploads\/2023\/12\/FlxFrn-149.jpg","type":"image\/jpeg"}],"twitter_card":"summary_large_image","twitter_misc":{"Dur\u00e9e de lecture est.":"4 minutes"},"schema":{"@context":"https:\/\/schema.org","@graph":[{"@type":"WebPage","@id":"https:\/\/beta.flexfurn.com\/openhousedays2024\/","url":"https:\/\/beta.flexfurn.com\/openhousedays2024\/","name":"Open House Days 2024 - Flexfurn","isPartOf":{"@id":"https:\/\/beta.flexfurn.com\/#website"},"datePublished":"2023-12-21T08:20:07+00:00","dateModified":"2023-12-22T11:51:02+00:00","breadcrumb":{"@id":"https:\/\/beta.flexfurn.com\/openhousedays2024\/#breadcrumb"},"inLanguage":"fr-BE","potentialAction":[{"@type":"ReadAction","target":["https:\/\/beta.flexfurn.com\/openhousedays2024\/"]}]},{"@type":"BreadcrumbList","@id":"https:\/\/beta.flexfurn.com\/openhousedays2024\/#breadcrumb","itemListElement":[{"@type":"ListItem","position":1,"name":"Home","item":"https:\/\/beta.flexfurn.com\/"},{"@type":"ListItem","position":2,"name":"Open House Days 2024"}]},{"@type":"WebSite","@id":"https:\/\/beta.flexfurn.com\/#website","url":"https:\/\/beta.flexfurn.com\/","name":"Flexfurn","description":"","publisher":{"@id":"https:\/\/beta.flexfurn.com\/#organization"},"potentialAction":[{"@type":"SearchAction","target":{"@type":"EntryPoint","urlTemplate":"https:\/\/beta.flexfurn.com\/?s={search_term_string}"},"query-input":"required name=search_term_string"}],"inLanguage":"fr-BE"},{"@type":"Organization","@id":"https:\/\/beta.flexfurn.com\/#organization","name":"Flexfurn","url":"https:\/\/beta.flexfurn.com\/","logo":{"@type":"ImageObject","inLanguage":"fr-BE","@id":"https:\/\/beta.flexfurn.com\/#\/schema\/logo\/image\/","url":"https:\/\/beta.flexfurn.com\/wp-content\/uploads\/2023\/08\/LogoBlack.svg","contentUrl":"https:\/\/beta.flexfurn.com\/wp-content\/uploads\/2023\/08\/LogoBlack.svg","width":210,"height":60,"caption":"Flexfurn"},"image":{"@id":"https:\/\/beta.flexfurn.com\/#\/schema\/logo\/image\/"}}]}},"_links":{"self":[{"href":"https:\/\/beta.flexfurn.com\/fr\/wp-json\/wp\/v2\/pages\/1921","targetHints":{"allow":["GET"]}}],"collection":[{"href":"https:\/\/beta.flexfurn.com\/fr\/wp-json\/wp\/v2\/pages"}],"about":[{"href":"https:\/\/beta.flexfurn.com\/fr\/wp-json\/wp\/v2\/types\/page"}],"author":[{"embeddable":true,"href":"https:\/\/beta.flexfurn.com\/fr\/wp-json\/wp\/v2\/users\/2"}],"replies":[{"embeddable":true,"href":"https:\/\/beta.flexfurn.com\/fr\/wp-json\/wp\/v2\/comments?post=1921"}],"version-history":[{"count":32,"href":"https:\/\/beta.flexfurn.com\/fr\/wp-json\/wp\/v2\/pages\/1921\/revisions"}],"predecessor-version":[{"id":2165,"href":"https:\/\/beta.flexfurn.com\/fr\/wp-json\/wp\/v2\/pages\/1921\/revisions\/2165"}],"wp:featuredmedia":[{"embeddable":true,"href":"https:\/\/beta.flexfurn.com\/fr\/wp-json\/wp\/v2\/media\/1937"}],"wp:attachment":[{"href":"https:\/\/beta.flexfurn.com\/fr\/wp-json\/wp\/v2\/media?parent=1921"}],"curies":[{"name":"wp","href":"https:\/\/api.w.org\/{rel}","templated":true}]}}