{"id":1374,"date":"2023-12-18T09:07:14","date_gmt":"2023-12-18T08:07:14","guid":{"rendered":"https:\/\/beta.flexfurn.com\/product\/alice-barstoel-2\/"},"modified":"2026-03-15T05:08:36","modified_gmt":"2026-03-15T04:08:36","slug":"alice-barstoel","status":"publish","type":"product","link":"https:\/\/beta.flexfurn.com\/fr\/product\/alice-barstoel\/","title":{"rendered":"Tabouret de bar Alice"},"content":{"rendered":"<p>ALICE BAR STOOL est un tabouret de bar \u00e9l\u00e9gant et luxueux qui rayonne d&#039;\u00e9l\u00e9gance et de classe pures. Disponible en finition chrome or rose ou chrome noir et dot\u00e9 d&#039;un si\u00e8ge en velours o\u00f9 vous pouvez choisir la couleur qui correspond \u00e0 votre int\u00e9rieur. Si le tabouret de bar se trouve dans un environnement diff\u00e9rent, vous pouvez facilement l&#039;\u00e9changer contre une couleur de si\u00e8ge diff\u00e9rente. Le tabouret de bar parfait pour cr\u00e9er une exp\u00e9rience de haute qualit\u00e9.<\/p>","protected":false},"excerpt":{"rendered":"<p>Cadre empilable<br \/>\nDisponible en chrome noir ou chrome or rose<br \/>\nSi\u00e8ge interchangeable<br \/>\nAssise en velours ou Teddy<br \/>\nLes si\u00e8ges sont ignifuges et trait\u00e9s au T\u00e9flon (CRIB5)<br \/>\nUtilisation int\u00e9rieure<\/p>","protected":false},"featured_media":3806,"comment_status":"open","ping_status":"closed","template":"","meta":[],"product_cat":[25],"product_tag":[],"class_list":{"0":"post-1374","1":"product","2":"type-product","3":"status-publish","4":"has-post-thumbnail","6":"product_cat-barstoel","8":"first","9":"instock","10":"taxable","11":"shipping-taxable","12":"purchasable","13":"product-type-variable"},"yoast_head":"<!-- This site is optimized with the Yoast SEO plugin v21.7 - https:\/\/yoast.com\/wordpress\/plugins\/seo\/ -->\n<title>Alice barstoel - Flexfurn<\/title>\n<meta name=\"robots\" content=\"index, follow, max-snippet:-1, max-image-preview:large, max-video-preview:-1\" \/>\n<link rel=\"canonical\" href=\"https:\/\/beta.flexfurn.com\/fr\/produit\/alice-barstoel\/\" \/>\n<meta property=\"og:locale\" content=\"fr_FR\" \/>\n<meta property=\"og:type\" content=\"article\" \/>\n<meta property=\"og:title\" content=\"Alice barstoel - Flexfurn\" \/>\n<meta property=\"og:description\" content=\"Stapelbaar frame Beschikbaar in zwart chrome of roze-goud chrome Verwisselbare zitting Fluwelen of Teddy zitting Zittingen zijn brandvertragend en Teflon behandeld (CRIB5) Binnengebruik\" \/>\n<meta property=\"og:url\" content=\"https:\/\/beta.flexfurn.com\/fr\/produit\/alice-barstoel\/\" \/>\n<meta property=\"og:site_name\" content=\"Flexfurn\" \/>\n<meta property=\"article:modified_time\" content=\"2026-03-15T04:08:36+00:00\" \/>\n<meta property=\"og:image\" content=\"https:\/\/beta.flexfurn.com\/wp-content\/uploads\/2024\/01\/48501fe00ed24bbe923ecb181b23b9622b806d66d098421a9a77b62c708203ca15e90e3897cd46a8866e7933bf225758.jpg\" \/>\n\t<meta property=\"og:image:width\" content=\"2000\" \/>\n\t<meta property=\"og:image:height\" content=\"2000\" \/>\n\t<meta property=\"og:image:type\" content=\"image\/jpeg\" \/>\n<meta name=\"twitter:card\" content=\"summary_large_image\" \/>\n<meta name=\"twitter:label1\" content=\"Dur\u00e9e de lecture est.\" \/>\n\t<meta name=\"twitter:data1\" content=\"1 minute\" \/>\n<script type=\"application\/ld+json\" class=\"yoast-schema-graph\">{\"@context\":\"https:\/\/schema.org\",\"@graph\":[{\"@type\":\"WebPage\",\"@id\":\"https:\/\/beta.flexfurn.com\/product\/alice-barstoel\/\",\"url\":\"https:\/\/beta.flexfurn.com\/product\/alice-barstoel\/\",\"name\":\"Alice barstoel - Flexfurn\",\"isPartOf\":{\"@id\":\"https:\/\/beta.flexfurn.com\/#website\"},\"datePublished\":\"2023-12-18T08:07:14+00:00\",\"dateModified\":\"2026-03-15T04:08:36+00:00\",\"breadcrumb\":{\"@id\":\"https:\/\/beta.flexfurn.com\/product\/alice-barstoel\/#breadcrumb\"},\"inLanguage\":\"fr-BE\",\"potentialAction\":[{\"@type\":\"ReadAction\",\"target\":[\"https:\/\/beta.flexfurn.com\/product\/alice-barstoel\/\"]}]},{\"@type\":\"BreadcrumbList\",\"@id\":\"https:\/\/beta.flexfurn.com\/product\/alice-barstoel\/#breadcrumb\",\"itemListElement\":[{\"@type\":\"ListItem\",\"position\":1,\"name\":\"Home\",\"item\":\"https:\/\/beta.flexfurn.com\/\"},{\"@type\":\"ListItem\",\"position\":2,\"name\":\"Winkel\",\"item\":\"https:\/\/beta.flexfurn.com\/winkel\/\"},{\"@type\":\"ListItem\",\"position\":3,\"name\":\"Alice barstoel\"}]},{\"@type\":\"WebSite\",\"@id\":\"https:\/\/beta.flexfurn.com\/#website\",\"url\":\"https:\/\/beta.flexfurn.com\/\",\"name\":\"Flexfurn\",\"description\":\"\",\"publisher\":{\"@id\":\"https:\/\/beta.flexfurn.com\/#organization\"},\"potentialAction\":[{\"@type\":\"SearchAction\",\"target\":{\"@type\":\"EntryPoint\",\"urlTemplate\":\"https:\/\/beta.flexfurn.com\/?s={search_term_string}\"},\"query-input\":\"required name=search_term_string\"}],\"inLanguage\":\"fr-BE\"},{\"@type\":\"Organization\",\"@id\":\"https:\/\/beta.flexfurn.com\/#organization\",\"name\":\"Flexfurn\",\"url\":\"https:\/\/beta.flexfurn.com\/\",\"logo\":{\"@type\":\"ImageObject\",\"inLanguage\":\"fr-BE\",\"@id\":\"https:\/\/beta.flexfurn.com\/#\/schema\/logo\/image\/\",\"url\":\"https:\/\/beta.flexfurn.com\/wp-content\/uploads\/2023\/08\/LogoBlack.svg\",\"contentUrl\":\"https:\/\/beta.flexfurn.com\/wp-content\/uploads\/2023\/08\/LogoBlack.svg\",\"width\":210,\"height\":60,\"caption\":\"Flexfurn\"},\"image\":{\"@id\":\"https:\/\/beta.flexfurn.com\/#\/schema\/logo\/image\/\"}}]}<\/script>\n<!-- \/ Yoast SEO plugin. -->","yoast_head_json":{"title":"Alice barstoel - Flexfurn","robots":{"index":"index","follow":"follow","max-snippet":"max-snippet:-1","max-image-preview":"max-image-preview:large","max-video-preview":"max-video-preview:-1"},"canonical":"https:\/\/beta.flexfurn.com\/fr\/produit\/alice-barstoel\/","og_locale":"fr_FR","og_type":"article","og_title":"Alice barstoel - Flexfurn","og_description":"Stapelbaar frame Beschikbaar in zwart chrome of roze-goud chrome Verwisselbare zitting Fluwelen of Teddy zitting Zittingen zijn brandvertragend en Teflon behandeld (CRIB5) Binnengebruik","og_url":"https:\/\/beta.flexfurn.com\/fr\/produit\/alice-barstoel\/","og_site_name":"Flexfurn","article_modified_time":"2026-03-15T04:08:36+00:00","og_image":[{"width":2000,"height":2000,"url":"https:\/\/beta.flexfurn.com\/wp-content\/uploads\/2024\/01\/48501fe00ed24bbe923ecb181b23b9622b806d66d098421a9a77b62c708203ca15e90e3897cd46a8866e7933bf225758.jpg","type":"image\/jpeg"}],"twitter_card":"summary_large_image","twitter_misc":{"Dur\u00e9e de lecture est.":"1 minute"},"schema":{"@context":"https:\/\/schema.org","@graph":[{"@type":"WebPage","@id":"https:\/\/beta.flexfurn.com\/product\/alice-barstoel\/","url":"https:\/\/beta.flexfurn.com\/product\/alice-barstoel\/","name":"Alice barstoel - Flexfurn","isPartOf":{"@id":"https:\/\/beta.flexfurn.com\/#website"},"datePublished":"2023-12-18T08:07:14+00:00","dateModified":"2026-03-15T04:08:36+00:00","breadcrumb":{"@id":"https:\/\/beta.flexfurn.com\/product\/alice-barstoel\/#breadcrumb"},"inLanguage":"fr-BE","potentialAction":[{"@type":"ReadAction","target":["https:\/\/beta.flexfurn.com\/product\/alice-barstoel\/"]}]},{"@type":"BreadcrumbList","@id":"https:\/\/beta.flexfurn.com\/product\/alice-barstoel\/#breadcrumb","itemListElement":[{"@type":"ListItem","position":1,"name":"Home","item":"https:\/\/beta.flexfurn.com\/"},{"@type":"ListItem","position":2,"name":"Winkel","item":"https:\/\/beta.flexfurn.com\/winkel\/"},{"@type":"ListItem","position":3,"name":"Alice barstoel"}]},{"@type":"WebSite","@id":"https:\/\/beta.flexfurn.com\/#website","url":"https:\/\/beta.flexfurn.com\/","name":"Flexfurn","description":"","publisher":{"@id":"https:\/\/beta.flexfurn.com\/#organization"},"potentialAction":[{"@type":"SearchAction","target":{"@type":"EntryPoint","urlTemplate":"https:\/\/beta.flexfurn.com\/?s={search_term_string}"},"query-input":"required name=search_term_string"}],"inLanguage":"fr-BE"},{"@type":"Organization","@id":"https:\/\/beta.flexfurn.com\/#organization","name":"Flexfurn","url":"https:\/\/beta.flexfurn.com\/","logo":{"@type":"ImageObject","inLanguage":"fr-BE","@id":"https:\/\/beta.flexfurn.com\/#\/schema\/logo\/image\/","url":"https:\/\/beta.flexfurn.com\/wp-content\/uploads\/2023\/08\/LogoBlack.svg","contentUrl":"https:\/\/beta.flexfurn.com\/wp-content\/uploads\/2023\/08\/LogoBlack.svg","width":210,"height":60,"caption":"Flexfurn"},"image":{"@id":"https:\/\/beta.flexfurn.com\/#\/schema\/logo\/image\/"}}]}},"_links":{"self":[{"href":"https:\/\/beta.flexfurn.com\/fr\/wp-json\/wp\/v2\/product\/1374","targetHints":{"allow":["GET"]}}],"collection":[{"href":"https:\/\/beta.flexfurn.com\/fr\/wp-json\/wp\/v2\/product"}],"about":[{"href":"https:\/\/beta.flexfurn.com\/fr\/wp-json\/wp\/v2\/types\/product"}],"replies":[{"embeddable":true,"href":"https:\/\/beta.flexfurn.com\/fr\/wp-json\/wp\/v2\/comments?post=1374"}],"wp:featuredmedia":[{"embeddable":true,"href":"https:\/\/beta.flexfurn.com\/fr\/wp-json\/wp\/v2\/media\/3806"}],"wp:attachment":[{"href":"https:\/\/beta.flexfurn.com\/fr\/wp-json\/wp\/v2\/media?parent=1374"}],"wp:term":[{"taxonomy":"product_cat","embeddable":true,"href":"https:\/\/beta.flexfurn.com\/fr\/wp-json\/wp\/v2\/product_cat?post=1374"},{"taxonomy":"product_tag","embeddable":true,"href":"https:\/\/beta.flexfurn.com\/fr\/wp-json\/wp\/v2\/product_tag?post=1374"}],"curies":[{"name":"wp","href":"https:\/\/api.w.org\/{rel}","templated":true}]}}