{"id":1433,"date":"2023-12-18T09:07:36","date_gmt":"2023-12-18T08:07:36","guid":{"rendered":"https:\/\/beta.flexfurn.com\/product\/palm-stapelstoel\/"},"modified":"2024-01-02T15:59:11","modified_gmt":"2024-01-02T14:59:11","slug":"palm-stapelstoel","status":"publish","type":"product","link":"https:\/\/beta.flexfurn.com\/fr\/product\/palm-stapelstoel\/","title":{"rendered":"Chaise empilable Palm"},"content":{"rendered":"<p>Notre CHAISE EMPILABLE PALM est un produit exclusif unique de haute qualit\u00e9. C&#039;est la seule chaise empilable en rotin PE du march\u00e9. Les pieds sont dot\u00e9s d&#039;un capuchon de protection en plastique qui prot\u00e8ge vos chaises des dommages lors de l&#039;empilage. Ce sont les chaises empilables et les tabourets de bar boh\u00e8mes id\u00e9aux en raison de leur structure en acier thermolaqu\u00e9, qui emp\u00eache la rouille et rend le Palm parfait pour une utilisation int\u00e9rieure et ext\u00e9rieure. Compl\u00e9tez le look chaleureux avec un oreiller r\u00e9sistant \u00e0 l\u2019eau.<\/p>","protected":false},"excerpt":{"rendered":"<p>Onze PALM STAPELSTOEL is een uniek, hoogwaardig, eigen product. Het is de enige stapelbare PE Rattan stoel op de markt. De poten zijn voorzien van een beschermende plastic dop, waardoor&#8230;<\/p>","protected":false},"featured_media":2205,"comment_status":"open","ping_status":"closed","template":"","meta":[],"product_cat":[71,66],"product_tag":[],"class_list":{"0":"post-1433","1":"product","2":"type-product","3":"status-publish","4":"has-post-thumbnail","6":"product_cat-palm","7":"product_cat-stapelstoel","9":"first","10":"instock","11":"taxable","12":"shipping-taxable","13":"purchasable","14":"product-type-variable"},"yoast_head":"<!-- This site is optimized with the Yoast SEO plugin v21.7 - https:\/\/yoast.com\/wordpress\/plugins\/seo\/ -->\n<title>Palm Stapelstoel - Flexfurn<\/title>\n<meta name=\"robots\" content=\"index, follow, max-snippet:-1, max-image-preview:large, max-video-preview:-1\" \/>\n<link rel=\"canonical\" href=\"https:\/\/beta.flexfurn.com\/fr\/produit\/palm-stapelstoel\/\" \/>\n<meta property=\"og:locale\" content=\"fr_FR\" \/>\n<meta property=\"og:type\" content=\"article\" \/>\n<meta property=\"og:title\" content=\"Palm Stapelstoel - Flexfurn\" \/>\n<meta property=\"og:description\" content=\"Onze PALM STAPELSTOEL is een uniek, hoogwaardig, eigen product. Het is de enige stapelbare PE Rattan stoel op de markt. De poten zijn voorzien van een beschermende plastic dop, waardoor...\" \/>\n<meta property=\"og:url\" content=\"https:\/\/beta.flexfurn.com\/fr\/produit\/palm-stapelstoel\/\" \/>\n<meta property=\"og:site_name\" content=\"Flexfurn\" \/>\n<meta property=\"article:modified_time\" content=\"2024-01-02T14:59:11+00:00\" \/>\n<meta property=\"og:image\" content=\"https:\/\/beta.flexfurn.com\/wp-content\/uploads\/2023\/12\/24b25dc598fb4d37894f37a78e0390b7dd6b14a80f3d4a67854670564eb9b80ea167ec5bd7da4eca9dec1ce48b455f82.jpg\" \/>\n\t<meta property=\"og:image:width\" content=\"2000\" \/>\n\t<meta property=\"og:image:height\" content=\"2000\" \/>\n\t<meta property=\"og:image:type\" content=\"image\/jpeg\" \/>\n<meta name=\"twitter:card\" content=\"summary_large_image\" \/>\n<meta name=\"twitter:label1\" content=\"Dur\u00e9e de lecture est.\" \/>\n\t<meta name=\"twitter:data1\" content=\"1 minute\" \/>\n<script type=\"application\/ld+json\" class=\"yoast-schema-graph\">{\"@context\":\"https:\/\/schema.org\",\"@graph\":[{\"@type\":\"WebPage\",\"@id\":\"https:\/\/beta.flexfurn.com\/product\/palm-stapelstoel\/\",\"url\":\"https:\/\/beta.flexfurn.com\/product\/palm-stapelstoel\/\",\"name\":\"Palm Stapelstoel - Flexfurn\",\"isPartOf\":{\"@id\":\"https:\/\/beta.flexfurn.com\/#website\"},\"datePublished\":\"2023-12-18T08:07:36+00:00\",\"dateModified\":\"2024-01-02T14:59:11+00:00\",\"breadcrumb\":{\"@id\":\"https:\/\/beta.flexfurn.com\/product\/palm-stapelstoel\/#breadcrumb\"},\"inLanguage\":\"fr-BE\",\"potentialAction\":[{\"@type\":\"ReadAction\",\"target\":[\"https:\/\/beta.flexfurn.com\/product\/palm-stapelstoel\/\"]}]},{\"@type\":\"BreadcrumbList\",\"@id\":\"https:\/\/beta.flexfurn.com\/product\/palm-stapelstoel\/#breadcrumb\",\"itemListElement\":[{\"@type\":\"ListItem\",\"position\":1,\"name\":\"Home\",\"item\":\"https:\/\/beta.flexfurn.com\/\"},{\"@type\":\"ListItem\",\"position\":2,\"name\":\"Winkel\",\"item\":\"https:\/\/beta.flexfurn.com\/winkel\/\"},{\"@type\":\"ListItem\",\"position\":3,\"name\":\"Palm Stapelstoel\"}]},{\"@type\":\"WebSite\",\"@id\":\"https:\/\/beta.flexfurn.com\/#website\",\"url\":\"https:\/\/beta.flexfurn.com\/\",\"name\":\"Flexfurn\",\"description\":\"\",\"publisher\":{\"@id\":\"https:\/\/beta.flexfurn.com\/#organization\"},\"potentialAction\":[{\"@type\":\"SearchAction\",\"target\":{\"@type\":\"EntryPoint\",\"urlTemplate\":\"https:\/\/beta.flexfurn.com\/?s={search_term_string}\"},\"query-input\":\"required name=search_term_string\"}],\"inLanguage\":\"fr-BE\"},{\"@type\":\"Organization\",\"@id\":\"https:\/\/beta.flexfurn.com\/#organization\",\"name\":\"Flexfurn\",\"url\":\"https:\/\/beta.flexfurn.com\/\",\"logo\":{\"@type\":\"ImageObject\",\"inLanguage\":\"fr-BE\",\"@id\":\"https:\/\/beta.flexfurn.com\/#\/schema\/logo\/image\/\",\"url\":\"https:\/\/beta.flexfurn.com\/wp-content\/uploads\/2023\/08\/LogoBlack.svg\",\"contentUrl\":\"https:\/\/beta.flexfurn.com\/wp-content\/uploads\/2023\/08\/LogoBlack.svg\",\"width\":210,\"height\":60,\"caption\":\"Flexfurn\"},\"image\":{\"@id\":\"https:\/\/beta.flexfurn.com\/#\/schema\/logo\/image\/\"}}]}<\/script>\n<!-- \/ Yoast SEO plugin. -->","yoast_head_json":{"title":"Palm Stapelstoel - Flexfurn","robots":{"index":"index","follow":"follow","max-snippet":"max-snippet:-1","max-image-preview":"max-image-preview:large","max-video-preview":"max-video-preview:-1"},"canonical":"https:\/\/beta.flexfurn.com\/fr\/produit\/palm-stapelstoel\/","og_locale":"fr_FR","og_type":"article","og_title":"Palm Stapelstoel - Flexfurn","og_description":"Onze PALM STAPELSTOEL is een uniek, hoogwaardig, eigen product. Het is de enige stapelbare PE Rattan stoel op de markt. De poten zijn voorzien van een beschermende plastic dop, waardoor...","og_url":"https:\/\/beta.flexfurn.com\/fr\/produit\/palm-stapelstoel\/","og_site_name":"Flexfurn","article_modified_time":"2024-01-02T14:59:11+00:00","og_image":[{"width":2000,"height":2000,"url":"https:\/\/beta.flexfurn.com\/wp-content\/uploads\/2023\/12\/24b25dc598fb4d37894f37a78e0390b7dd6b14a80f3d4a67854670564eb9b80ea167ec5bd7da4eca9dec1ce48b455f82.jpg","type":"image\/jpeg"}],"twitter_card":"summary_large_image","twitter_misc":{"Dur\u00e9e de lecture est.":"1 minute"},"schema":{"@context":"https:\/\/schema.org","@graph":[{"@type":"WebPage","@id":"https:\/\/beta.flexfurn.com\/product\/palm-stapelstoel\/","url":"https:\/\/beta.flexfurn.com\/product\/palm-stapelstoel\/","name":"Palm Stapelstoel - Flexfurn","isPartOf":{"@id":"https:\/\/beta.flexfurn.com\/#website"},"datePublished":"2023-12-18T08:07:36+00:00","dateModified":"2024-01-02T14:59:11+00:00","breadcrumb":{"@id":"https:\/\/beta.flexfurn.com\/product\/palm-stapelstoel\/#breadcrumb"},"inLanguage":"fr-BE","potentialAction":[{"@type":"ReadAction","target":["https:\/\/beta.flexfurn.com\/product\/palm-stapelstoel\/"]}]},{"@type":"BreadcrumbList","@id":"https:\/\/beta.flexfurn.com\/product\/palm-stapelstoel\/#breadcrumb","itemListElement":[{"@type":"ListItem","position":1,"name":"Home","item":"https:\/\/beta.flexfurn.com\/"},{"@type":"ListItem","position":2,"name":"Winkel","item":"https:\/\/beta.flexfurn.com\/winkel\/"},{"@type":"ListItem","position":3,"name":"Palm Stapelstoel"}]},{"@type":"WebSite","@id":"https:\/\/beta.flexfurn.com\/#website","url":"https:\/\/beta.flexfurn.com\/","name":"Flexfurn","description":"","publisher":{"@id":"https:\/\/beta.flexfurn.com\/#organization"},"potentialAction":[{"@type":"SearchAction","target":{"@type":"EntryPoint","urlTemplate":"https:\/\/beta.flexfurn.com\/?s={search_term_string}"},"query-input":"required name=search_term_string"}],"inLanguage":"fr-BE"},{"@type":"Organization","@id":"https:\/\/beta.flexfurn.com\/#organization","name":"Flexfurn","url":"https:\/\/beta.flexfurn.com\/","logo":{"@type":"ImageObject","inLanguage":"fr-BE","@id":"https:\/\/beta.flexfurn.com\/#\/schema\/logo\/image\/","url":"https:\/\/beta.flexfurn.com\/wp-content\/uploads\/2023\/08\/LogoBlack.svg","contentUrl":"https:\/\/beta.flexfurn.com\/wp-content\/uploads\/2023\/08\/LogoBlack.svg","width":210,"height":60,"caption":"Flexfurn"},"image":{"@id":"https:\/\/beta.flexfurn.com\/#\/schema\/logo\/image\/"}}]}},"_links":{"self":[{"href":"https:\/\/beta.flexfurn.com\/fr\/wp-json\/wp\/v2\/product\/1433","targetHints":{"allow":["GET"]}}],"collection":[{"href":"https:\/\/beta.flexfurn.com\/fr\/wp-json\/wp\/v2\/product"}],"about":[{"href":"https:\/\/beta.flexfurn.com\/fr\/wp-json\/wp\/v2\/types\/product"}],"replies":[{"embeddable":true,"href":"https:\/\/beta.flexfurn.com\/fr\/wp-json\/wp\/v2\/comments?post=1433"}],"wp:featuredmedia":[{"embeddable":true,"href":"https:\/\/beta.flexfurn.com\/fr\/wp-json\/wp\/v2\/media\/2205"}],"wp:attachment":[{"href":"https:\/\/beta.flexfurn.com\/fr\/wp-json\/wp\/v2\/media?parent=1433"}],"wp:term":[{"taxonomy":"product_cat","embeddable":true,"href":"https:\/\/beta.flexfurn.com\/fr\/wp-json\/wp\/v2\/product_cat?post=1433"},{"taxonomy":"product_tag","embeddable":true,"href":"https:\/\/beta.flexfurn.com\/fr\/wp-json\/wp\/v2\/product_tag?post=1433"}],"curies":[{"name":"wp","href":"https:\/\/api.w.org\/{rel}","templated":true}]}}