{"id":1504,"date":"2023-12-18T09:07:58","date_gmt":"2023-12-18T08:07:58","guid":{"rendered":"https:\/\/beta.flexfurn.com\/product\/kubo-smart-steel-barstoel-2\/"},"modified":"2024-01-02T15:44:30","modified_gmt":"2024-01-02T14:44:30","slug":"kubo-smart-steel-barstoel-2","status":"publish","type":"product","link":"https:\/\/beta.flexfurn.com\/fr\/product\/kubo-smart-steel-barstoel-2\/","title":{"rendered":"Chaise de bar Kubo Smart Steel"},"content":{"rendered":"<p>D\u00e9couvrez le KUBO SMART BAR STOOL, un tabouret de bar polyvalent en acier dot\u00e9 d&#039;un si\u00e8ge amovible pour un r\u00e9glage sans effort. Changez facilement de si\u00e8ge gr\u00e2ce aux bandes Velcro pratiques fix\u00e9es au cadre et au si\u00e8ge. Bien que le cadre en acier \u00e9l\u00e9gant soit disponible avec rev\u00eatement en poudre blanc ou noir, il est recommand\u00e9 pour une utilisation en int\u00e9rieur pour \u00e9viter la rouille. Transformez vos espaces int\u00e9rieurs avec le tabouret de bar Kubo \u00e9l\u00e9gant, adaptable et empilable<\/p>","protected":false},"excerpt":{"rendered":"<p>Ontdek de KUBO SMART BARKRUK, een veelzijdige stalen barkruk met een afneembare zitting voor moeiteloze aanpassing. Wissel eenvoudig van zitting met behulp van handige klittenbandstrips die aan zowel het frame&#8230;<\/p>","protected":false},"featured_media":2966,"comment_status":"open","ping_status":"closed","template":"","meta":[],"product_cat":[25],"product_tag":[],"class_list":{"0":"post-1504","1":"product","2":"type-product","3":"status-publish","4":"has-post-thumbnail","6":"product_cat-barstoel","8":"first","9":"instock","10":"taxable","11":"shipping-taxable","12":"purchasable","13":"product-type-variable"},"yoast_head":"<!-- This site is optimized with the Yoast SEO plugin v21.7 - https:\/\/yoast.com\/wordpress\/plugins\/seo\/ -->\n<title>Kubo Smart Steel barstoel - Flexfurn<\/title>\n<meta name=\"robots\" content=\"index, follow, max-snippet:-1, max-image-preview:large, max-video-preview:-1\" \/>\n<link rel=\"canonical\" href=\"https:\/\/beta.flexfurn.com\/fr\/produit\/kubo-smart-steel-barstoel-2\/\" \/>\n<meta property=\"og:locale\" content=\"fr_FR\" \/>\n<meta property=\"og:type\" content=\"article\" \/>\n<meta property=\"og:title\" content=\"Kubo Smart Steel barstoel - Flexfurn\" \/>\n<meta property=\"og:description\" content=\"Ontdek de KUBO SMART BARKRUK, een veelzijdige stalen barkruk met een afneembare zitting voor moeiteloze aanpassing. Wissel eenvoudig van zitting met behulp van handige klittenbandstrips die aan zowel het frame...\" \/>\n<meta property=\"og:url\" content=\"https:\/\/beta.flexfurn.com\/fr\/produit\/kubo-smart-steel-barstoel-2\/\" \/>\n<meta property=\"og:site_name\" content=\"Flexfurn\" \/>\n<meta property=\"article:modified_time\" content=\"2024-01-02T14:44:30+00:00\" \/>\n<meta property=\"og:image\" content=\"https:\/\/beta.flexfurn.com\/wp-content\/uploads\/2023\/12\/0ee0a124a5ee4bce81ce3174d0b35cca896f45c53664425bb7de7ab4fcc3598ac555908b512b4ec680c2dcee0ae0cdc6-2.jpg\" \/>\n\t<meta property=\"og:image:width\" content=\"2000\" \/>\n\t<meta property=\"og:image:height\" content=\"2000\" \/>\n\t<meta property=\"og:image:type\" content=\"image\/jpeg\" \/>\n<meta name=\"twitter:card\" content=\"summary_large_image\" \/>\n<meta name=\"twitter:label1\" content=\"Dur\u00e9e de lecture est.\" \/>\n\t<meta name=\"twitter:data1\" content=\"1 minute\" \/>\n<script type=\"application\/ld+json\" class=\"yoast-schema-graph\">{\"@context\":\"https:\/\/schema.org\",\"@graph\":[{\"@type\":\"WebPage\",\"@id\":\"https:\/\/beta.flexfurn.com\/product\/kubo-smart-steel-barstoel-2\/\",\"url\":\"https:\/\/beta.flexfurn.com\/product\/kubo-smart-steel-barstoel-2\/\",\"name\":\"Kubo Smart Steel barstoel - Flexfurn\",\"isPartOf\":{\"@id\":\"https:\/\/beta.flexfurn.com\/#website\"},\"datePublished\":\"2023-12-18T08:07:58+00:00\",\"dateModified\":\"2024-01-02T14:44:30+00:00\",\"breadcrumb\":{\"@id\":\"https:\/\/beta.flexfurn.com\/product\/kubo-smart-steel-barstoel-2\/#breadcrumb\"},\"inLanguage\":\"fr-BE\",\"potentialAction\":[{\"@type\":\"ReadAction\",\"target\":[\"https:\/\/beta.flexfurn.com\/product\/kubo-smart-steel-barstoel-2\/\"]}]},{\"@type\":\"BreadcrumbList\",\"@id\":\"https:\/\/beta.flexfurn.com\/product\/kubo-smart-steel-barstoel-2\/#breadcrumb\",\"itemListElement\":[{\"@type\":\"ListItem\",\"position\":1,\"name\":\"Home\",\"item\":\"https:\/\/beta.flexfurn.com\/\"},{\"@type\":\"ListItem\",\"position\":2,\"name\":\"Winkel\",\"item\":\"https:\/\/beta.flexfurn.com\/winkel\/\"},{\"@type\":\"ListItem\",\"position\":3,\"name\":\"Kubo Smart Steel barstoel\"}]},{\"@type\":\"WebSite\",\"@id\":\"https:\/\/beta.flexfurn.com\/#website\",\"url\":\"https:\/\/beta.flexfurn.com\/\",\"name\":\"Flexfurn\",\"description\":\"\",\"publisher\":{\"@id\":\"https:\/\/beta.flexfurn.com\/#organization\"},\"potentialAction\":[{\"@type\":\"SearchAction\",\"target\":{\"@type\":\"EntryPoint\",\"urlTemplate\":\"https:\/\/beta.flexfurn.com\/?s={search_term_string}\"},\"query-input\":\"required name=search_term_string\"}],\"inLanguage\":\"fr-BE\"},{\"@type\":\"Organization\",\"@id\":\"https:\/\/beta.flexfurn.com\/#organization\",\"name\":\"Flexfurn\",\"url\":\"https:\/\/beta.flexfurn.com\/\",\"logo\":{\"@type\":\"ImageObject\",\"inLanguage\":\"fr-BE\",\"@id\":\"https:\/\/beta.flexfurn.com\/#\/schema\/logo\/image\/\",\"url\":\"https:\/\/beta.flexfurn.com\/wp-content\/uploads\/2023\/08\/LogoBlack.svg\",\"contentUrl\":\"https:\/\/beta.flexfurn.com\/wp-content\/uploads\/2023\/08\/LogoBlack.svg\",\"width\":210,\"height\":60,\"caption\":\"Flexfurn\"},\"image\":{\"@id\":\"https:\/\/beta.flexfurn.com\/#\/schema\/logo\/image\/\"}}]}<\/script>\n<!-- \/ Yoast SEO plugin. -->","yoast_head_json":{"title":"Kubo Smart Steel barstoel - Flexfurn","robots":{"index":"index","follow":"follow","max-snippet":"max-snippet:-1","max-image-preview":"max-image-preview:large","max-video-preview":"max-video-preview:-1"},"canonical":"https:\/\/beta.flexfurn.com\/fr\/produit\/kubo-smart-steel-barstoel-2\/","og_locale":"fr_FR","og_type":"article","og_title":"Kubo Smart Steel barstoel - Flexfurn","og_description":"Ontdek de KUBO SMART BARKRUK, een veelzijdige stalen barkruk met een afneembare zitting voor moeiteloze aanpassing. Wissel eenvoudig van zitting met behulp van handige klittenbandstrips die aan zowel het frame...","og_url":"https:\/\/beta.flexfurn.com\/fr\/produit\/kubo-smart-steel-barstoel-2\/","og_site_name":"Flexfurn","article_modified_time":"2024-01-02T14:44:30+00:00","og_image":[{"width":2000,"height":2000,"url":"https:\/\/beta.flexfurn.com\/wp-content\/uploads\/2023\/12\/0ee0a124a5ee4bce81ce3174d0b35cca896f45c53664425bb7de7ab4fcc3598ac555908b512b4ec680c2dcee0ae0cdc6-2.jpg","type":"image\/jpeg"}],"twitter_card":"summary_large_image","twitter_misc":{"Dur\u00e9e de lecture est.":"1 minute"},"schema":{"@context":"https:\/\/schema.org","@graph":[{"@type":"WebPage","@id":"https:\/\/beta.flexfurn.com\/product\/kubo-smart-steel-barstoel-2\/","url":"https:\/\/beta.flexfurn.com\/product\/kubo-smart-steel-barstoel-2\/","name":"Kubo Smart Steel barstoel - Flexfurn","isPartOf":{"@id":"https:\/\/beta.flexfurn.com\/#website"},"datePublished":"2023-12-18T08:07:58+00:00","dateModified":"2024-01-02T14:44:30+00:00","breadcrumb":{"@id":"https:\/\/beta.flexfurn.com\/product\/kubo-smart-steel-barstoel-2\/#breadcrumb"},"inLanguage":"fr-BE","potentialAction":[{"@type":"ReadAction","target":["https:\/\/beta.flexfurn.com\/product\/kubo-smart-steel-barstoel-2\/"]}]},{"@type":"BreadcrumbList","@id":"https:\/\/beta.flexfurn.com\/product\/kubo-smart-steel-barstoel-2\/#breadcrumb","itemListElement":[{"@type":"ListItem","position":1,"name":"Home","item":"https:\/\/beta.flexfurn.com\/"},{"@type":"ListItem","position":2,"name":"Winkel","item":"https:\/\/beta.flexfurn.com\/winkel\/"},{"@type":"ListItem","position":3,"name":"Kubo Smart Steel barstoel"}]},{"@type":"WebSite","@id":"https:\/\/beta.flexfurn.com\/#website","url":"https:\/\/beta.flexfurn.com\/","name":"Flexfurn","description":"","publisher":{"@id":"https:\/\/beta.flexfurn.com\/#organization"},"potentialAction":[{"@type":"SearchAction","target":{"@type":"EntryPoint","urlTemplate":"https:\/\/beta.flexfurn.com\/?s={search_term_string}"},"query-input":"required name=search_term_string"}],"inLanguage":"fr-BE"},{"@type":"Organization","@id":"https:\/\/beta.flexfurn.com\/#organization","name":"Flexfurn","url":"https:\/\/beta.flexfurn.com\/","logo":{"@type":"ImageObject","inLanguage":"fr-BE","@id":"https:\/\/beta.flexfurn.com\/#\/schema\/logo\/image\/","url":"https:\/\/beta.flexfurn.com\/wp-content\/uploads\/2023\/08\/LogoBlack.svg","contentUrl":"https:\/\/beta.flexfurn.com\/wp-content\/uploads\/2023\/08\/LogoBlack.svg","width":210,"height":60,"caption":"Flexfurn"},"image":{"@id":"https:\/\/beta.flexfurn.com\/#\/schema\/logo\/image\/"}}]}},"_links":{"self":[{"href":"https:\/\/beta.flexfurn.com\/fr\/wp-json\/wp\/v2\/product\/1504","targetHints":{"allow":["GET"]}}],"collection":[{"href":"https:\/\/beta.flexfurn.com\/fr\/wp-json\/wp\/v2\/product"}],"about":[{"href":"https:\/\/beta.flexfurn.com\/fr\/wp-json\/wp\/v2\/types\/product"}],"replies":[{"embeddable":true,"href":"https:\/\/beta.flexfurn.com\/fr\/wp-json\/wp\/v2\/comments?post=1504"}],"wp:featuredmedia":[{"embeddable":true,"href":"https:\/\/beta.flexfurn.com\/fr\/wp-json\/wp\/v2\/media\/2966"}],"wp:attachment":[{"href":"https:\/\/beta.flexfurn.com\/fr\/wp-json\/wp\/v2\/media?parent=1504"}],"wp:term":[{"taxonomy":"product_cat","embeddable":true,"href":"https:\/\/beta.flexfurn.com\/fr\/wp-json\/wp\/v2\/product_cat?post=1504"},{"taxonomy":"product_tag","embeddable":true,"href":"https:\/\/beta.flexfurn.com\/fr\/wp-json\/wp\/v2\/product_tag?post=1504"}],"curies":[{"name":"wp","href":"https:\/\/api.w.org\/{rel}","templated":true}]}}