{"id":3949,"date":"2024-01-04T16:09:02","date_gmt":"2024-01-04T15:09:02","guid":{"rendered":"https:\/\/beta.flexfurn.com\/?post_type=product&#038;p=3949"},"modified":"2024-01-05T09:03:13","modified_gmt":"2024-01-05T08:03:13","slug":"transportkar-tolix-style-barstoel","status":"publish","type":"product","link":"https:\/\/beta.flexfurn.com\/fr\/product\/transportkar-tolix-style-barstoel\/","title":{"rendered":"Chariot de transport Tolix Style Chaise de bar"},"content":{"rendered":"<p><span data-doc-id=\"3416738000000117107\" data-doc-type=\"writer\">Profitez de notre solution de transport intelligente pour vos tabourets de bar de style Tolix. Ce chariot de transport robuste en acier, \u00e9quip\u00e9 de 4 roues vulcanis\u00e9es (2 pivotantes avec frein et 2 fixes), permet de d\u00e9placer facilement 20 tabourets de bar. Ce chariot assure un transport et un rangement s\u00e9curis\u00e9s, ainsi qu&#039;une protection suppl\u00e9mentaire contre les dommages.<\/span><\/p>","protected":false},"excerpt":{"rendered":"<p>Ch\u00e2ssis en acier<br \/>\nRev\u00eatement en poudre gris martel\u00e9<br \/>\nStocke 20 chaises<br \/>\nRoues vulcanis\u00e9es diam. 12,5 cm<br \/>\n2 roues pivotantes avec freins<br \/>\n2 roues fixes<br \/>\n*Remarque : prix du chariot de transport assembl\u00e9 hors chaises de bar<\/p>","protected":false},"featured_media":3950,"comment_status":"open","ping_status":"closed","template":"","meta":[],"product_cat":[95,92],"product_tag":[],"class_list":{"0":"post-3949","1":"product","2":"type-product","3":"status-publish","4":"has-post-thumbnail","6":"product_cat-transportkar-barkrukken","7":"product_cat-transportkarren","9":"first","10":"instock","11":"taxable","12":"shipping-taxable","13":"purchasable","14":"product-type-simple"},"yoast_head":"<!-- This site is optimized with the Yoast SEO plugin v21.7 - https:\/\/yoast.com\/wordpress\/plugins\/seo\/ -->\n<title>Transportkar Tolix Style Barstoel - Flexfurn<\/title>\n<meta name=\"robots\" content=\"index, follow, max-snippet:-1, max-image-preview:large, max-video-preview:-1\" \/>\n<link rel=\"canonical\" href=\"https:\/\/beta.flexfurn.com\/fr\/produit\/transportkar-tolix-style-barstoel\/\" \/>\n<meta property=\"og:locale\" content=\"fr_FR\" \/>\n<meta property=\"og:type\" content=\"article\" \/>\n<meta property=\"og:title\" content=\"Transportkar Tolix Style Barstoel - Flexfurn\" \/>\n<meta property=\"og:description\" content=\"Stalen frame Hamerslag grijs poedercoating Stockeert 20 stoelen Gevulkaniseerde wielen diam. 12,5cm 2 zwenkwielen met rem 2 bokwielen *Let op: prijs voor gemonteerde transportkar excl. barstoelen\" \/>\n<meta property=\"og:url\" content=\"https:\/\/beta.flexfurn.com\/fr\/produit\/transportkar-tolix-style-barstoel\/\" \/>\n<meta property=\"og:site_name\" content=\"Flexfurn\" \/>\n<meta property=\"article:modified_time\" content=\"2024-01-05T08:03:13+00:00\" \/>\n<meta property=\"og:image\" content=\"https:\/\/beta.flexfurn.com\/wp-content\/uploads\/2024\/01\/Transportkar-Tolix-Style-barstool.jpg\" \/>\n\t<meta property=\"og:image:width\" content=\"2000\" \/>\n\t<meta property=\"og:image:height\" content=\"2000\" \/>\n\t<meta property=\"og:image:type\" content=\"image\/jpeg\" \/>\n<meta name=\"twitter:card\" content=\"summary_large_image\" \/>\n<meta name=\"twitter:label1\" content=\"Dur\u00e9e de lecture est.\" \/>\n\t<meta name=\"twitter:data1\" content=\"1 minute\" \/>\n<script type=\"application\/ld+json\" class=\"yoast-schema-graph\">{\"@context\":\"https:\/\/schema.org\",\"@graph\":[{\"@type\":\"WebPage\",\"@id\":\"https:\/\/beta.flexfurn.com\/product\/transportkar-tolix-style-barstoel\/\",\"url\":\"https:\/\/beta.flexfurn.com\/product\/transportkar-tolix-style-barstoel\/\",\"name\":\"Transportkar Tolix Style Barstoel - Flexfurn\",\"isPartOf\":{\"@id\":\"https:\/\/beta.flexfurn.com\/#website\"},\"datePublished\":\"2024-01-04T15:09:02+00:00\",\"dateModified\":\"2024-01-05T08:03:13+00:00\",\"breadcrumb\":{\"@id\":\"https:\/\/beta.flexfurn.com\/product\/transportkar-tolix-style-barstoel\/#breadcrumb\"},\"inLanguage\":\"fr-BE\",\"potentialAction\":[{\"@type\":\"ReadAction\",\"target\":[\"https:\/\/beta.flexfurn.com\/product\/transportkar-tolix-style-barstoel\/\"]}]},{\"@type\":\"BreadcrumbList\",\"@id\":\"https:\/\/beta.flexfurn.com\/product\/transportkar-tolix-style-barstoel\/#breadcrumb\",\"itemListElement\":[{\"@type\":\"ListItem\",\"position\":1,\"name\":\"Home\",\"item\":\"https:\/\/beta.flexfurn.com\/\"},{\"@type\":\"ListItem\",\"position\":2,\"name\":\"Winkel\",\"item\":\"https:\/\/beta.flexfurn.com\/winkel\/\"},{\"@type\":\"ListItem\",\"position\":3,\"name\":\"Transportkar Tolix Style Barstoel\"}]},{\"@type\":\"WebSite\",\"@id\":\"https:\/\/beta.flexfurn.com\/#website\",\"url\":\"https:\/\/beta.flexfurn.com\/\",\"name\":\"Flexfurn\",\"description\":\"\",\"publisher\":{\"@id\":\"https:\/\/beta.flexfurn.com\/#organization\"},\"potentialAction\":[{\"@type\":\"SearchAction\",\"target\":{\"@type\":\"EntryPoint\",\"urlTemplate\":\"https:\/\/beta.flexfurn.com\/?s={search_term_string}\"},\"query-input\":\"required name=search_term_string\"}],\"inLanguage\":\"fr-BE\"},{\"@type\":\"Organization\",\"@id\":\"https:\/\/beta.flexfurn.com\/#organization\",\"name\":\"Flexfurn\",\"url\":\"https:\/\/beta.flexfurn.com\/\",\"logo\":{\"@type\":\"ImageObject\",\"inLanguage\":\"fr-BE\",\"@id\":\"https:\/\/beta.flexfurn.com\/#\/schema\/logo\/image\/\",\"url\":\"https:\/\/beta.flexfurn.com\/wp-content\/uploads\/2023\/08\/LogoBlack.svg\",\"contentUrl\":\"https:\/\/beta.flexfurn.com\/wp-content\/uploads\/2023\/08\/LogoBlack.svg\",\"width\":210,\"height\":60,\"caption\":\"Flexfurn\"},\"image\":{\"@id\":\"https:\/\/beta.flexfurn.com\/#\/schema\/logo\/image\/\"}}]}<\/script>\n<!-- \/ Yoast SEO plugin. -->","yoast_head_json":{"title":"Transportkar Tolix Style Barstoel - Flexfurn","robots":{"index":"index","follow":"follow","max-snippet":"max-snippet:-1","max-image-preview":"max-image-preview:large","max-video-preview":"max-video-preview:-1"},"canonical":"https:\/\/beta.flexfurn.com\/fr\/produit\/transportkar-tolix-style-barstoel\/","og_locale":"fr_FR","og_type":"article","og_title":"Transportkar Tolix Style Barstoel - Flexfurn","og_description":"Stalen frame Hamerslag grijs poedercoating Stockeert 20 stoelen Gevulkaniseerde wielen diam. 12,5cm 2 zwenkwielen met rem 2 bokwielen *Let op: prijs voor gemonteerde transportkar excl. barstoelen","og_url":"https:\/\/beta.flexfurn.com\/fr\/produit\/transportkar-tolix-style-barstoel\/","og_site_name":"Flexfurn","article_modified_time":"2024-01-05T08:03:13+00:00","og_image":[{"width":2000,"height":2000,"url":"https:\/\/beta.flexfurn.com\/wp-content\/uploads\/2024\/01\/Transportkar-Tolix-Style-barstool.jpg","type":"image\/jpeg"}],"twitter_card":"summary_large_image","twitter_misc":{"Dur\u00e9e de lecture est.":"1 minute"},"schema":{"@context":"https:\/\/schema.org","@graph":[{"@type":"WebPage","@id":"https:\/\/beta.flexfurn.com\/product\/transportkar-tolix-style-barstoel\/","url":"https:\/\/beta.flexfurn.com\/product\/transportkar-tolix-style-barstoel\/","name":"Transportkar Tolix Style Barstoel - Flexfurn","isPartOf":{"@id":"https:\/\/beta.flexfurn.com\/#website"},"datePublished":"2024-01-04T15:09:02+00:00","dateModified":"2024-01-05T08:03:13+00:00","breadcrumb":{"@id":"https:\/\/beta.flexfurn.com\/product\/transportkar-tolix-style-barstoel\/#breadcrumb"},"inLanguage":"fr-BE","potentialAction":[{"@type":"ReadAction","target":["https:\/\/beta.flexfurn.com\/product\/transportkar-tolix-style-barstoel\/"]}]},{"@type":"BreadcrumbList","@id":"https:\/\/beta.flexfurn.com\/product\/transportkar-tolix-style-barstoel\/#breadcrumb","itemListElement":[{"@type":"ListItem","position":1,"name":"Home","item":"https:\/\/beta.flexfurn.com\/"},{"@type":"ListItem","position":2,"name":"Winkel","item":"https:\/\/beta.flexfurn.com\/winkel\/"},{"@type":"ListItem","position":3,"name":"Transportkar Tolix Style Barstoel"}]},{"@type":"WebSite","@id":"https:\/\/beta.flexfurn.com\/#website","url":"https:\/\/beta.flexfurn.com\/","name":"Flexfurn","description":"","publisher":{"@id":"https:\/\/beta.flexfurn.com\/#organization"},"potentialAction":[{"@type":"SearchAction","target":{"@type":"EntryPoint","urlTemplate":"https:\/\/beta.flexfurn.com\/?s={search_term_string}"},"query-input":"required name=search_term_string"}],"inLanguage":"fr-BE"},{"@type":"Organization","@id":"https:\/\/beta.flexfurn.com\/#organization","name":"Flexfurn","url":"https:\/\/beta.flexfurn.com\/","logo":{"@type":"ImageObject","inLanguage":"fr-BE","@id":"https:\/\/beta.flexfurn.com\/#\/schema\/logo\/image\/","url":"https:\/\/beta.flexfurn.com\/wp-content\/uploads\/2023\/08\/LogoBlack.svg","contentUrl":"https:\/\/beta.flexfurn.com\/wp-content\/uploads\/2023\/08\/LogoBlack.svg","width":210,"height":60,"caption":"Flexfurn"},"image":{"@id":"https:\/\/beta.flexfurn.com\/#\/schema\/logo\/image\/"}}]}},"_links":{"self":[{"href":"https:\/\/beta.flexfurn.com\/fr\/wp-json\/wp\/v2\/product\/3949","targetHints":{"allow":["GET"]}}],"collection":[{"href":"https:\/\/beta.flexfurn.com\/fr\/wp-json\/wp\/v2\/product"}],"about":[{"href":"https:\/\/beta.flexfurn.com\/fr\/wp-json\/wp\/v2\/types\/product"}],"replies":[{"embeddable":true,"href":"https:\/\/beta.flexfurn.com\/fr\/wp-json\/wp\/v2\/comments?post=3949"}],"wp:featuredmedia":[{"embeddable":true,"href":"https:\/\/beta.flexfurn.com\/fr\/wp-json\/wp\/v2\/media\/3950"}],"wp:attachment":[{"href":"https:\/\/beta.flexfurn.com\/fr\/wp-json\/wp\/v2\/media?parent=3949"}],"wp:term":[{"taxonomy":"product_cat","embeddable":true,"href":"https:\/\/beta.flexfurn.com\/fr\/wp-json\/wp\/v2\/product_cat?post=3949"},{"taxonomy":"product_tag","embeddable":true,"href":"https:\/\/beta.flexfurn.com\/fr\/wp-json\/wp\/v2\/product_tag?post=3949"}],"curies":[{"name":"wp","href":"https:\/\/api.w.org\/{rel}","templated":true}]}}