{"id":515,"date":"2023-10-18T08:07:42","date_gmt":"2023-10-18T06:07:42","guid":{"rendered":"https:\/\/beta.flexfurn.com\/product\/louis-stapelstoel-rotan\/"},"modified":"2024-01-02T16:30:52","modified_gmt":"2024-01-02T15:30:52","slug":"louis-stapelstoel","status":"publish","type":"product","link":"https:\/\/beta.flexfurn.com\/fr\/product\/louis-stapelstoel\/","title":{"rendered":"Chaise empilable Louis"},"content":{"rendered":"<p>Ajoutez une touche de caract\u00e8re \u00e0 votre int\u00e9rieur avec la CHAISE EMPILABLE LOUIS. Choisissez un style raffin\u00e9 du XVII\u00e8me si\u00e8cle pour votre \u00e9v\u00e9nement ou votre espace traiteur. Le design rustique de la chaise empilable Louis donne \u00e0 chaque pi\u00e8ce un aspect authentique. Cette chaise m\u00e9daillon est le m\u00e9lange parfait de mat\u00e9riaux et de styles, pour une chaise intemporelle id\u00e9ale \u00e0 placer autour d&#039;une table. De plus, les si\u00e8ges interchangeables en velours sont ignifuges et hydrofuges, vous permettant de personnaliser la chaise empilable en toute occasion.<\/p>","protected":false},"excerpt":{"rendered":"<p>Voeg een vleugje karakter toe aan je interieur met de LOUIS STAPELSTOEL. Kies voor een verfijnde XVII-eeuwse stijl voor je evenement of horecaruimte. Dankzij het rustieke ontwerp van de stapelbare&#8230;<\/p>","protected":false},"featured_media":2173,"comment_status":"open","ping_status":"closed","template":"","meta":[],"product_cat":[66],"product_tag":[],"class_list":{"0":"post-515","1":"product","2":"type-product","3":"status-publish","4":"has-post-thumbnail","6":"product_cat-stapelstoel","8":"first","9":"instock","10":"taxable","11":"shipping-taxable","12":"purchasable","13":"product-type-variable"},"yoast_head":"<!-- This site is optimized with the Yoast SEO plugin v21.7 - https:\/\/yoast.com\/wordpress\/plugins\/seo\/ -->\n<title>Louis Stapelstoel - Flexfurn<\/title>\n<meta name=\"robots\" content=\"index, follow, max-snippet:-1, max-image-preview:large, max-video-preview:-1\" \/>\n<link rel=\"canonical\" href=\"https:\/\/beta.flexfurn.com\/fr\/produit\/louis-stapelstoel\/\" \/>\n<meta property=\"og:locale\" content=\"fr_FR\" \/>\n<meta property=\"og:type\" content=\"article\" \/>\n<meta property=\"og:title\" content=\"Louis Stapelstoel - Flexfurn\" \/>\n<meta property=\"og:description\" content=\"Voeg een vleugje karakter toe aan je interieur met de LOUIS STAPELSTOEL. Kies voor een verfijnde XVII-eeuwse stijl voor je evenement of horecaruimte. Dankzij het rustieke ontwerp van de stapelbare...\" \/>\n<meta property=\"og:url\" content=\"https:\/\/beta.flexfurn.com\/fr\/produit\/louis-stapelstoel\/\" \/>\n<meta property=\"og:site_name\" content=\"Flexfurn\" \/>\n<meta property=\"article:modified_time\" content=\"2024-01-02T15:30:52+00:00\" \/>\n<meta property=\"og:image\" content=\"https:\/\/beta.flexfurn.com\/wp-content\/uploads\/2023\/12\/4524bf16ebfb430e897ef978676fefcc34a6828cc67b44ecb2ce5532ff547486bf8f1fb052c74a688c958af44a3f3a2a.jpg\" \/>\n\t<meta property=\"og:image:width\" content=\"2000\" \/>\n\t<meta property=\"og:image:height\" content=\"2000\" \/>\n\t<meta property=\"og:image:type\" content=\"image\/jpeg\" \/>\n<meta name=\"twitter:card\" content=\"summary_large_image\" \/>\n<meta name=\"twitter:label1\" content=\"Dur\u00e9e de lecture est.\" \/>\n\t<meta name=\"twitter:data1\" content=\"1 minute\" \/>\n<script type=\"application\/ld+json\" class=\"yoast-schema-graph\">{\"@context\":\"https:\/\/schema.org\",\"@graph\":[{\"@type\":\"WebPage\",\"@id\":\"https:\/\/beta.flexfurn.com\/product\/louis-stapelstoel\/\",\"url\":\"https:\/\/beta.flexfurn.com\/product\/louis-stapelstoel\/\",\"name\":\"Louis Stapelstoel - Flexfurn\",\"isPartOf\":{\"@id\":\"https:\/\/beta.flexfurn.com\/#website\"},\"datePublished\":\"2023-10-18T06:07:42+00:00\",\"dateModified\":\"2024-01-02T15:30:52+00:00\",\"breadcrumb\":{\"@id\":\"https:\/\/beta.flexfurn.com\/product\/louis-stapelstoel\/#breadcrumb\"},\"inLanguage\":\"fr-BE\",\"potentialAction\":[{\"@type\":\"ReadAction\",\"target\":[\"https:\/\/beta.flexfurn.com\/product\/louis-stapelstoel\/\"]}]},{\"@type\":\"BreadcrumbList\",\"@id\":\"https:\/\/beta.flexfurn.com\/product\/louis-stapelstoel\/#breadcrumb\",\"itemListElement\":[{\"@type\":\"ListItem\",\"position\":1,\"name\":\"Home\",\"item\":\"https:\/\/beta.flexfurn.com\/\"},{\"@type\":\"ListItem\",\"position\":2,\"name\":\"Winkel\",\"item\":\"https:\/\/beta.flexfurn.com\/winkel\/\"},{\"@type\":\"ListItem\",\"position\":3,\"name\":\"Louis Stapelstoel\"}]},{\"@type\":\"WebSite\",\"@id\":\"https:\/\/beta.flexfurn.com\/#website\",\"url\":\"https:\/\/beta.flexfurn.com\/\",\"name\":\"Flexfurn\",\"description\":\"\",\"publisher\":{\"@id\":\"https:\/\/beta.flexfurn.com\/#organization\"},\"potentialAction\":[{\"@type\":\"SearchAction\",\"target\":{\"@type\":\"EntryPoint\",\"urlTemplate\":\"https:\/\/beta.flexfurn.com\/?s={search_term_string}\"},\"query-input\":\"required name=search_term_string\"}],\"inLanguage\":\"fr-BE\"},{\"@type\":\"Organization\",\"@id\":\"https:\/\/beta.flexfurn.com\/#organization\",\"name\":\"Flexfurn\",\"url\":\"https:\/\/beta.flexfurn.com\/\",\"logo\":{\"@type\":\"ImageObject\",\"inLanguage\":\"fr-BE\",\"@id\":\"https:\/\/beta.flexfurn.com\/#\/schema\/logo\/image\/\",\"url\":\"https:\/\/beta.flexfurn.com\/wp-content\/uploads\/2023\/08\/LogoBlack.svg\",\"contentUrl\":\"https:\/\/beta.flexfurn.com\/wp-content\/uploads\/2023\/08\/LogoBlack.svg\",\"width\":210,\"height\":60,\"caption\":\"Flexfurn\"},\"image\":{\"@id\":\"https:\/\/beta.flexfurn.com\/#\/schema\/logo\/image\/\"}}]}<\/script>\n<!-- \/ Yoast SEO plugin. -->","yoast_head_json":{"title":"Louis Stapelstoel - Flexfurn","robots":{"index":"index","follow":"follow","max-snippet":"max-snippet:-1","max-image-preview":"max-image-preview:large","max-video-preview":"max-video-preview:-1"},"canonical":"https:\/\/beta.flexfurn.com\/fr\/produit\/louis-stapelstoel\/","og_locale":"fr_FR","og_type":"article","og_title":"Louis Stapelstoel - Flexfurn","og_description":"Voeg een vleugje karakter toe aan je interieur met de LOUIS STAPELSTOEL. Kies voor een verfijnde XVII-eeuwse stijl voor je evenement of horecaruimte. Dankzij het rustieke ontwerp van de stapelbare...","og_url":"https:\/\/beta.flexfurn.com\/fr\/produit\/louis-stapelstoel\/","og_site_name":"Flexfurn","article_modified_time":"2024-01-02T15:30:52+00:00","og_image":[{"width":2000,"height":2000,"url":"https:\/\/beta.flexfurn.com\/wp-content\/uploads\/2023\/12\/4524bf16ebfb430e897ef978676fefcc34a6828cc67b44ecb2ce5532ff547486bf8f1fb052c74a688c958af44a3f3a2a.jpg","type":"image\/jpeg"}],"twitter_card":"summary_large_image","twitter_misc":{"Dur\u00e9e de lecture est.":"1 minute"},"schema":{"@context":"https:\/\/schema.org","@graph":[{"@type":"WebPage","@id":"https:\/\/beta.flexfurn.com\/product\/louis-stapelstoel\/","url":"https:\/\/beta.flexfurn.com\/product\/louis-stapelstoel\/","name":"Louis Stapelstoel - Flexfurn","isPartOf":{"@id":"https:\/\/beta.flexfurn.com\/#website"},"datePublished":"2023-10-18T06:07:42+00:00","dateModified":"2024-01-02T15:30:52+00:00","breadcrumb":{"@id":"https:\/\/beta.flexfurn.com\/product\/louis-stapelstoel\/#breadcrumb"},"inLanguage":"fr-BE","potentialAction":[{"@type":"ReadAction","target":["https:\/\/beta.flexfurn.com\/product\/louis-stapelstoel\/"]}]},{"@type":"BreadcrumbList","@id":"https:\/\/beta.flexfurn.com\/product\/louis-stapelstoel\/#breadcrumb","itemListElement":[{"@type":"ListItem","position":1,"name":"Home","item":"https:\/\/beta.flexfurn.com\/"},{"@type":"ListItem","position":2,"name":"Winkel","item":"https:\/\/beta.flexfurn.com\/winkel\/"},{"@type":"ListItem","position":3,"name":"Louis Stapelstoel"}]},{"@type":"WebSite","@id":"https:\/\/beta.flexfurn.com\/#website","url":"https:\/\/beta.flexfurn.com\/","name":"Flexfurn","description":"","publisher":{"@id":"https:\/\/beta.flexfurn.com\/#organization"},"potentialAction":[{"@type":"SearchAction","target":{"@type":"EntryPoint","urlTemplate":"https:\/\/beta.flexfurn.com\/?s={search_term_string}"},"query-input":"required name=search_term_string"}],"inLanguage":"fr-BE"},{"@type":"Organization","@id":"https:\/\/beta.flexfurn.com\/#organization","name":"Flexfurn","url":"https:\/\/beta.flexfurn.com\/","logo":{"@type":"ImageObject","inLanguage":"fr-BE","@id":"https:\/\/beta.flexfurn.com\/#\/schema\/logo\/image\/","url":"https:\/\/beta.flexfurn.com\/wp-content\/uploads\/2023\/08\/LogoBlack.svg","contentUrl":"https:\/\/beta.flexfurn.com\/wp-content\/uploads\/2023\/08\/LogoBlack.svg","width":210,"height":60,"caption":"Flexfurn"},"image":{"@id":"https:\/\/beta.flexfurn.com\/#\/schema\/logo\/image\/"}}]}},"_links":{"self":[{"href":"https:\/\/beta.flexfurn.com\/fr\/wp-json\/wp\/v2\/product\/515","targetHints":{"allow":["GET"]}}],"collection":[{"href":"https:\/\/beta.flexfurn.com\/fr\/wp-json\/wp\/v2\/product"}],"about":[{"href":"https:\/\/beta.flexfurn.com\/fr\/wp-json\/wp\/v2\/types\/product"}],"replies":[{"embeddable":true,"href":"https:\/\/beta.flexfurn.com\/fr\/wp-json\/wp\/v2\/comments?post=515"}],"wp:featuredmedia":[{"embeddable":true,"href":"https:\/\/beta.flexfurn.com\/fr\/wp-json\/wp\/v2\/media\/2173"}],"wp:attachment":[{"href":"https:\/\/beta.flexfurn.com\/fr\/wp-json\/wp\/v2\/media?parent=515"}],"wp:term":[{"taxonomy":"product_cat","embeddable":true,"href":"https:\/\/beta.flexfurn.com\/fr\/wp-json\/wp\/v2\/product_cat?post=515"},{"taxonomy":"product_tag","embeddable":true,"href":"https:\/\/beta.flexfurn.com\/fr\/wp-json\/wp\/v2\/product_tag?post=515"}],"curies":[{"name":"wp","href":"https:\/\/api.w.org\/{rel}","templated":true}]}}